{"id":1258,"date":"2021-10-28T17:13:43","date_gmt":"2021-10-28T17:13:43","guid":{"rendered":"https:\/\/www.fotonet.info?page_id=1258"},"modified":"2024-04-16T15:30:56","modified_gmt":"2024-04-16T15:30:56","slug":"foto-albumy-i-foto-ksiazki","status":"publish","type":"page","link":"https:\/\/www.fotonet.info\/?page_id=1258","title":{"rendered":"Foto-Albumy i Foto-Ksi\u0105\u017cki"},"content":{"rendered":"\n<div style=\"height:20px\" aria-hidden=\"true\" class=\"wp-block-spacer\"><\/div>\n\n\n\n<hr class=\"wp-block-separator has-text-color has-black-color has-css-opacity has-black-background-color has-background animated fadeInLeft is-style-wide\"\/>\n\n\n\n<h1 class=\"wp-block-heading alignfull has-text-align-center animated zoomIn has-text-color\" id=\"foto-albumy-mini-albumy-i-foto-ksiazki\" style=\"color:#565656\">Foto-Albumy, Mini-Albumy i Foto-Ksi\u0105\u017cki<\/h1>\n\n\n\n<hr class=\"wp-block-separator has-text-color has-black-color has-css-opacity has-black-background-color has-background animated fadeInRight is-style-wide\"\/>\n\n\n\n<div style=\"height:50px\" aria-hidden=\"true\" class=\"wp-block-spacer\"><\/div>\n\n\n\n\n\n\n<hr class=\"wp-block-separator has-css-opacity is-style-wide\"\/>\n\n\n\n<h3 class=\"wp-block-heading has-text-align-center has-background\" id=\"foto-album\" style=\"background-color:#ffffff\">Foto-Album<\/h3>\n\n\n\n<div class=\"wp-block-columns is-layout-flex wp-container-core-columns-is-layout-9d6595d7 wp-block-columns-is-layout-flex\">\n<div class=\"wp-block-column is-layout-flow wp-block-column-is-layout-flow\">\n<hr class=\"wp-block-separator has-text-color has-black-color has-css-opacity has-black-background-color has-background is-style-wide\"\/>\n\n\n<div class=\"wp-block-image\">\n<figure class=\"aligncenter size-full\"><img decoding=\"async\" width=\"804\" height=\"363\" data-src=\"https:\/\/www.fotonet.infowp-content\/uploads\/2021\/12\/FotoalbumyS-1.png\" alt=\"\" class=\"wp-image-2051 lazyload\" data-srcset=\"https:\/\/www.fotonet.info\/wp-content\/uploads\/2021\/12\/FotoalbumyS-1.png 804w, https:\/\/www.fotonet.info\/wp-content\/uploads\/2021\/12\/FotoalbumyS-1-300x135.png 300w, https:\/\/www.fotonet.info\/wp-content\/uploads\/2021\/12\/FotoalbumyS-1-768x347.png 768w\" data-sizes=\"(max-width: 804px) 100vw, 804px\" src=\"data:image\/svg+xml;base64,PHN2ZyB3aWR0aD0iMSIgaGVpZ2h0PSIxIiB4bWxucz0iaHR0cDovL3d3dy53My5vcmcvMjAwMC9zdmciPjwvc3ZnPg==\" style=\"--smush-placeholder-width: 804px; --smush-placeholder-aspect-ratio: 804\/363;\" \/><\/figure>\n<\/div>\n\n\n<hr class=\"wp-block-separator has-css-opacity is-style-wide\"\/>\n\n\n\n<h4 style=\"text-align: center;\">Ok\u0142adki s\u0105 wykonane ze sztucznej sk\u00f3ry b\u0105d\u017a materia\u0142u tekstylnego. Rozk\u0142ad\u00f3wki s\u0105 wykonane s\u0105 z tradycyjnego papieru fotograficznego o powierzchni jedwabistej.<\/h4>\n\n\n\n<hr class=\"wp-block-separator has-css-opacity is-style-wide\"\/>\n\n\n\n<h4 class=\"wp-block-heading has-text-align-center\" id=\"formaty-rozkladowek\"><meta charset=\"utf-8\"><strong>Formaty rozk\u0142ad\u00f3wek<\/strong><\/h4>\n\n\n\n<div class=\"wp-block-columns is-layout-flex wp-container-core-columns-is-layout-9d6595d7 wp-block-columns-is-layout-flex\">\n<div class=\"wp-block-column is-layout-flow wp-block-column-is-layout-flow\">\n<p style=\"text-align: center;\">15&#215;30<br \/>20&#215;30<\/p>\n\n\n\n<p><\/p>\n<\/div>\n\n\n\n<div class=\"wp-block-column is-layout-flow wp-block-column-is-layout-flow\">\n<p style=\"text-align: center;\">20&#215;40<br \/>30&#215;45<\/p>\n<\/div>\n\n\n\n<div class=\"wp-block-column is-layout-flow wp-block-column-is-layout-flow\">\n<p style=\"text-align: center;\">30&#215;60<br \/>30&#215;70<\/p>\n<\/div>\n\n\n\n<div class=\"wp-block-column is-layout-flow wp-block-column-is-layout-flow\">\n<p style=\"text-align: center;\">30&#215;80<br \/>30&#215;90<br \/>40&#215;80<\/p>\n<\/div>\n<\/div>\n\n\n\n<div class=\"wp-block-buttons is-horizontal is-content-justification-center is-layout-flex wp-container-core-buttons-is-layout-499968f5 wp-block-buttons-is-layout-flex\">\n<div class=\"wp-block-button is-style-outline is-style-outline--1\"><a class=\"wp-block-button__link wp-element-button\" href=\"https:\/\/www.fotonet.info\/wp-content\/uploads\/2021\/11\/Wzornik-okladek_Klasyczny.pdf\" target=\"_blank\" rel=\"noreferrer noopener\">Wzornik Klasyczny<\/a><\/div>\n<\/div>\n<\/div>\n<\/div>\n\n\n\n<hr class=\"wp-block-separator has-css-opacity is-style-wide\"\/>\n\n\n\n<h3 class=\"wp-block-heading has-text-align-center animated fadeInUp has-text-color has-background\" id=\"mini-album\" style=\"color:#565656;background-color:#ffffff\">Mini-Album<\/h3>\n\n\n\n<hr class=\"wp-block-separator has-css-opacity is-style-wide\"\/>\n\n\n<div class=\"wp-block-image\">\n<figure class=\"aligncenter size-full\"><img decoding=\"async\" width=\"650\" height=\"321\" data-src=\"https:\/\/www.fotonet.infowp-content\/uploads\/2021\/12\/minialbumyS-1.png\" alt=\"\" class=\"wp-image-2052 lazyload\" data-srcset=\"https:\/\/www.fotonet.info\/wp-content\/uploads\/2021\/12\/minialbumyS-1.png 650w, https:\/\/www.fotonet.info\/wp-content\/uploads\/2021\/12\/minialbumyS-1-300x148.png 300w\" data-sizes=\"(max-width: 650px) 100vw, 650px\" src=\"data:image\/svg+xml;base64,PHN2ZyB3aWR0aD0iMSIgaGVpZ2h0PSIxIiB4bWxucz0iaHR0cDovL3d3dy53My5vcmcvMjAwMC9zdmciPjwvc3ZnPg==\" style=\"--smush-placeholder-width: 650px; --smush-placeholder-aspect-ratio: 650\/321;\" \/><\/figure>\n<\/div>\n\n\n<hr class=\"wp-block-separator has-css-opacity is-style-wide\"\/>\n\n\n<h4 style=\"text-align: center;\">Ok\u0142adka jak i rozk\u0142ad\u00f3wki wykonane s\u0105 z tradycyjnego papieru fotograficznego o powierzchni jedwabistej.<\/h4>\n\n\n<hr class=\"wp-block-separator has-css-opacity is-style-wide\"\/>\n\n\n\n<h4 class=\"wp-block-heading has-text-align-center\" id=\"formaty-rozkladowek\"><meta charset=\"utf-8\"><strong>Formaty rozk\u0142ad\u00f3wek<\/strong><\/h4>\n\n\n\n<div class=\"wp-block-columns is-layout-flex wp-container-core-columns-is-layout-9d6595d7 wp-block-columns-is-layout-flex\">\n<div class=\"wp-block-column is-layout-flow wp-block-column-is-layout-flow\">\n<p style=\"text-align: center;\">15&#215;30<br \/>15&#215;40<\/p>\n\n\n\n<p><\/p>\n<\/div>\n\n\n\n<div class=\"wp-block-column is-layout-flow wp-block-column-is-layout-flow\">\n<p style=\"text-align: center;\">20&#215;30<br \/>18&#215;48<\/p>\n<\/div>\n\n\n\n<div class=\"wp-block-column is-layout-flow wp-block-column-is-layout-flow\">\n<p style=\"text-align: center;\">20&#215;40<br \/>30&#215;40<\/p>\n<\/div>\n\n\n\n<div class=\"wp-block-column is-layout-flow wp-block-column-is-layout-flow\">\n<p style=\"text-align: center;\">30&#215;45<br \/>30&#215;60<\/p>\n<\/div>\n<\/div>\n\n\n\n<div style=\"height:20px\" aria-hidden=\"true\" class=\"wp-block-spacer\"><\/div>\n\n\n\n<hr class=\"wp-block-separator has-css-opacity is-style-wide\"\/>\n\n\n\n<h3 class=\"wp-block-heading has-text-align-center animated fadeInUp has-text-color has-background\" id=\"foto-ksiazki\" style=\"color:#565656;background-color:#ffffff\">Foto-Ksi\u0105\u017cki<\/h3>\n\n\n\n<hr class=\"wp-block-separator has-css-opacity is-style-wide\"\/>\n\n\n<div class=\"wp-block-image\">\n<figure class=\"aligncenter size-full\"><img decoding=\"async\" width=\"620\" height=\"414\" data-src=\"https:\/\/www.fotonet.infowp-content\/uploads\/2021\/12\/FotoksiazkaS-1.png\" alt=\"\" class=\"wp-image-2053 lazyload\" data-srcset=\"https:\/\/www.fotonet.info\/wp-content\/uploads\/2021\/12\/FotoksiazkaS-1.png 620w, https:\/\/www.fotonet.info\/wp-content\/uploads\/2021\/12\/FotoksiazkaS-1-300x200.png 300w\" data-sizes=\"(max-width: 620px) 100vw, 620px\" src=\"data:image\/svg+xml;base64,PHN2ZyB3aWR0aD0iMSIgaGVpZ2h0PSIxIiB4bWxucz0iaHR0cDovL3d3dy53My5vcmcvMjAwMC9zdmciPjwvc3ZnPg==\" style=\"--smush-placeholder-width: 620px; --smush-placeholder-aspect-ratio: 620\/414;\" \/><\/figure>\n<\/div>\n\n\n<hr class=\"wp-block-separator has-css-opacity is-style-wide\"\/>\n\n\n<h4 style=\"text-align: center;\">Ok\u0142adka twarda lub z wype\u0142nieniem piankowym jest laminowana foli\u0105 b\u0142yszcz\u0105c\u0105. Rozk\u0142ad\u00f3wki wykonane s\u0105 z tradycyjnego papieru fotograficznego o powierzchni matowej.<\/h4>\n\n\n<hr class=\"wp-block-separator has-css-opacity is-style-wide\"\/>\n\n\n\n<h4 class=\"wp-block-heading has-text-align-center\" id=\"formaty-rozkladowek\"><strong>Formaty rozk\u0142ad\u00f3wek<\/strong><\/h4>\n\n\n\n<div class=\"wp-block-columns is-layout-flex wp-container-core-columns-is-layout-9d6595d7 wp-block-columns-is-layout-flex\">\n<div class=\"wp-block-column is-layout-flow wp-block-column-is-layout-flow\">\n<p style=\"text-align: center;\">21&#215;7<br \/>21&#215;30<\/p>\n\n\n\n<p><\/p>\n<\/div>\n\n\n\n<div class=\"wp-block-column is-layout-flow wp-block-column-is-layout-flow\">\n<p style=\"text-align: center;\">21&#215;21<br \/>15&#215;20<\/p>\n<\/div>\n\n\n\n<div class=\"wp-block-column is-layout-flow wp-block-column-is-layout-flow\">\n<p style=\"text-align: center;\">10&#215;15<br \/>25&#215;33<\/p>\n<\/div>\n\n\n\n<div class=\"wp-block-column is-layout-flow wp-block-column-is-layout-flow\">\n<p style=\"text-align: center;\">30&#215;42<\/p>\n<\/div>\n<\/div>\n\n\n\n<div style=\"height:50px\" aria-hidden=\"true\" class=\"wp-block-spacer\"><\/div>\n\n\n\n<hr class=\"wp-block-separator has-css-opacity animated fadeInRight is-style-wide\"\/>\n\n\n<h4 style=\"text-align: center;\"><strong>Nasi graficy s\u0105 do Twojej dyspozycji! Zadzwo\u0144 i <span style=\"color: #ff0000;\">zam\u00f3w wykonanie projektu<\/span>: <a href=\"callto:+48510238968\">+48 510 238 968<\/a><\/strong><\/h4>\n\n\n<hr class=\"wp-block-separator has-css-opacity is-style-wide animated fadeInLeft\"\/>\n\n\n\n<div style=\"height:50px\" aria-hidden=\"true\" class=\"wp-block-spacer\"><\/div>\n\n\n\n<div class=\"wp-block-buttons is-layout-flex wp-block-buttons-is-layout-flex\">\n<div class=\"wp-block-button is-style-outline is-style-outline--2\"><a class=\"wp-block-button__link has-black-color has-text-color wp-element-button\" href=\"https:\/\/www.fotonet.info\">Wr\u00f3\u0107<\/a><\/div>\n<\/div>\n\n\n\n<p><\/p>\n","protected":false},"excerpt":{"rendered":"<p>Foto-Albumy, Mini-Albumy i Foto-Ksi\u0105\u017cki Foto-Album Ok\u0142adki s\u0105 wykonane ze sztucznej sk\u00f3ry b\u0105d\u017a materia\u0142u tekstylnego. Rozk\u0142ad\u00f3wki s\u0105 wykonane s\u0105 z tradycyjnego&hellip;<\/p>\n","protected":false},"author":1,"featured_media":0,"parent":0,"menu_order":0,"comment_status":"closed","ping_status":"closed","template":"","meta":{"footnotes":""},"class_list":["post-1258","page","type-page","status-publish","hentry"],"yoast_head":"<!-- This site is optimized with the Yoast SEO plugin v27.3 - https:\/\/yoast.com\/product\/yoast-seo-wordpress\/ -->\n<title>Foto-Albumy i Foto-Ksi\u0105\u017cki - Druk - Projekty - Tychy - \u015al\u0105sk<\/title>\n<meta name=\"description\" content=\"Wystawy fotograficzne, wywo\u0142ywanie zdj\u0119\u0107 oraz pe\u0142na gama foto-produkt\u00f3w! Zapraszamy do naszego sklepu w Tychach! + 48 510 238 968\" \/>\n<meta name=\"robots\" content=\"index, follow, max-snippet:-1, max-image-preview:large, max-video-preview:-1\" \/>\n<link rel=\"canonical\" href=\"https:\/\/www.fotonet.info\/?page_id=1258\" \/>\n<meta property=\"og:locale\" content=\"en_US\" \/>\n<meta property=\"og:type\" content=\"article\" \/>\n<meta property=\"og:title\" content=\"Foto-Albumy i Foto-Ksi\u0105\u017cki - Druk - Projekty - Tychy - \u015al\u0105sk\" \/>\n<meta property=\"og:description\" content=\"Wystawy fotograficzne, wywo\u0142ywanie zdj\u0119\u0107 oraz pe\u0142na gama foto-produkt\u00f3w! Zapraszamy do naszego sklepu w Tychach! + 48 510 238 968\" \/>\n<meta property=\"og:url\" content=\"https:\/\/www.fotonet.info\/?page_id=1258\" \/>\n<meta property=\"og:site_name\" content=\"Fotonet\" \/>\n<meta property=\"article:publisher\" content=\"https:\/\/www.facebook.com\/fotonettychy\/\" \/>\n<meta property=\"article:modified_time\" content=\"2024-04-16T15:30:56+00:00\" \/>\n<meta property=\"og:image\" content=\"https:\/\/www.fotonet.infowp-content\/uploads\/2021\/12\/FotoalbumyS-1.png\" \/>\n<meta name=\"twitter:card\" content=\"summary_large_image\" \/>\n<meta name=\"twitter:label1\" content=\"Est. reading time\" \/>\n\t<meta name=\"twitter:data1\" content=\"2 minutes\" \/>\n<script type=\"application\/ld+json\" class=\"yoast-schema-graph\">{\"@context\":\"https:\\\/\\\/schema.org\",\"@graph\":[{\"@type\":\"WebPage\",\"@id\":\"https:\\\/\\\/www.fotonet.info\\\/?page_id=1258\",\"url\":\"https:\\\/\\\/www.fotonet.info\\\/?page_id=1258\",\"name\":\"Foto-Albumy i Foto-Ksi\u0105\u017cki - Druk - Projekty - Tychy - \u015al\u0105sk\",\"isPartOf\":{\"@id\":\"https:\\\/\\\/www.fotonet.info\\\/#website\"},\"primaryImageOfPage\":{\"@id\":\"https:\\\/\\\/www.fotonet.info\\\/?page_id=1258#primaryimage\"},\"image\":{\"@id\":\"https:\\\/\\\/www.fotonet.info\\\/?page_id=1258#primaryimage\"},\"thumbnailUrl\":\"https:\\\/\\\/www.fotonet.infowp-content\\\/uploads\\\/2021\\\/12\\\/FotoalbumyS-1.png\",\"datePublished\":\"2021-10-28T17:13:43+00:00\",\"dateModified\":\"2024-04-16T15:30:56+00:00\",\"description\":\"Wystawy fotograficzne, wywo\u0142ywanie zdj\u0119\u0107 oraz pe\u0142na gama foto-produkt\u00f3w! Zapraszamy do naszego sklepu w Tychach! + 48 510 238 968\",\"breadcrumb\":{\"@id\":\"https:\\\/\\\/www.fotonet.info\\\/?page_id=1258#breadcrumb\"},\"inLanguage\":\"en-US\",\"potentialAction\":[{\"@type\":\"ReadAction\",\"target\":[\"https:\\\/\\\/www.fotonet.info\\\/?page_id=1258\"]}]},{\"@type\":\"ImageObject\",\"inLanguage\":\"en-US\",\"@id\":\"https:\\\/\\\/www.fotonet.info\\\/?page_id=1258#primaryimage\",\"url\":\"https:\\\/\\\/www.fotonet.infowp-content\\\/uploads\\\/2021\\\/12\\\/FotoalbumyS-1.png\",\"contentUrl\":\"https:\\\/\\\/www.fotonet.infowp-content\\\/uploads\\\/2021\\\/12\\\/FotoalbumyS-1.png\"},{\"@type\":\"BreadcrumbList\",\"@id\":\"https:\\\/\\\/www.fotonet.info\\\/?page_id=1258#breadcrumb\",\"itemListElement\":[{\"@type\":\"ListItem\",\"position\":1,\"name\":\"Home\",\"item\":\"https:\\\/\\\/www.fotonet.info\\\/\"},{\"@type\":\"ListItem\",\"position\":2,\"name\":\"Foto-Albumy i Foto-Ksi\u0105\u017cki\"}]},{\"@type\":\"WebSite\",\"@id\":\"https:\\\/\\\/www.fotonet.info\\\/#website\",\"url\":\"https:\\\/\\\/www.fotonet.info\\\/\",\"name\":\"Fotonet\",\"description\":\"Magia Druku i Fotografii\",\"publisher\":{\"@id\":\"https:\\\/\\\/www.fotonet.info\\\/#organization\"},\"potentialAction\":[{\"@type\":\"SearchAction\",\"target\":{\"@type\":\"EntryPoint\",\"urlTemplate\":\"https:\\\/\\\/www.fotonet.info\\\/?s={search_term_string}\"},\"query-input\":{\"@type\":\"PropertyValueSpecification\",\"valueRequired\":true,\"valueName\":\"search_term_string\"}}],\"inLanguage\":\"en-US\"},{\"@type\":\"Organization\",\"@id\":\"https:\\\/\\\/www.fotonet.info\\\/#organization\",\"name\":\"Fotonet\",\"url\":\"https:\\\/\\\/www.fotonet.info\\\/\",\"logo\":{\"@type\":\"ImageObject\",\"inLanguage\":\"en-US\",\"@id\":\"https:\\\/\\\/www.fotonet.info\\\/#\\\/schema\\\/logo\\\/image\\\/\",\"url\":\"https:\\\/\\\/www.fotonet.info\\\/wp-content\\\/uploads\\\/2022\\\/06\\\/Logo_Kwadrat.jpg\",\"contentUrl\":\"https:\\\/\\\/www.fotonet.info\\\/wp-content\\\/uploads\\\/2022\\\/06\\\/Logo_Kwadrat.jpg\",\"width\":1181,\"height\":1181,\"caption\":\"Fotonet\"},\"image\":{\"@id\":\"https:\\\/\\\/www.fotonet.info\\\/#\\\/schema\\\/logo\\\/image\\\/\"},\"sameAs\":[\"https:\\\/\\\/www.facebook.com\\\/fotonettychy\\\/\",\"https:\\\/\\\/www.instagram.com\\\/fotonet_tychy\\\/\"]}]}<\/script>\n<!-- \/ Yoast SEO plugin. -->","yoast_head_json":{"title":"Foto-Albumy i Foto-Ksi\u0105\u017cki - Druk - Projekty - Tychy - \u015al\u0105sk","description":"Wystawy fotograficzne, wywo\u0142ywanie zdj\u0119\u0107 oraz pe\u0142na gama foto-produkt\u00f3w! Zapraszamy do naszego sklepu w Tychach! + 48 510 238 968","robots":{"index":"index","follow":"follow","max-snippet":"max-snippet:-1","max-image-preview":"max-image-preview:large","max-video-preview":"max-video-preview:-1"},"canonical":"https:\/\/www.fotonet.info\/?page_id=1258","og_locale":"en_US","og_type":"article","og_title":"Foto-Albumy i Foto-Ksi\u0105\u017cki - Druk - Projekty - Tychy - \u015al\u0105sk","og_description":"Wystawy fotograficzne, wywo\u0142ywanie zdj\u0119\u0107 oraz pe\u0142na gama foto-produkt\u00f3w! Zapraszamy do naszego sklepu w Tychach! + 48 510 238 968","og_url":"https:\/\/www.fotonet.info\/?page_id=1258","og_site_name":"Fotonet","article_publisher":"https:\/\/www.facebook.com\/fotonettychy\/","article_modified_time":"2024-04-16T15:30:56+00:00","og_image":[{"url":"https:\/\/www.fotonet.infowp-content\/uploads\/2021\/12\/FotoalbumyS-1.png","type":"","width":"","height":""}],"twitter_card":"summary_large_image","twitter_misc":{"Est. reading time":"2 minutes"},"schema":{"@context":"https:\/\/schema.org","@graph":[{"@type":"WebPage","@id":"https:\/\/www.fotonet.info\/?page_id=1258","url":"https:\/\/www.fotonet.info\/?page_id=1258","name":"Foto-Albumy i Foto-Ksi\u0105\u017cki - Druk - Projekty - Tychy - \u015al\u0105sk","isPartOf":{"@id":"https:\/\/www.fotonet.info\/#website"},"primaryImageOfPage":{"@id":"https:\/\/www.fotonet.info\/?page_id=1258#primaryimage"},"image":{"@id":"https:\/\/www.fotonet.info\/?page_id=1258#primaryimage"},"thumbnailUrl":"https:\/\/www.fotonet.infowp-content\/uploads\/2021\/12\/FotoalbumyS-1.png","datePublished":"2021-10-28T17:13:43+00:00","dateModified":"2024-04-16T15:30:56+00:00","description":"Wystawy fotograficzne, wywo\u0142ywanie zdj\u0119\u0107 oraz pe\u0142na gama foto-produkt\u00f3w! Zapraszamy do naszego sklepu w Tychach! + 48 510 238 968","breadcrumb":{"@id":"https:\/\/www.fotonet.info\/?page_id=1258#breadcrumb"},"inLanguage":"en-US","potentialAction":[{"@type":"ReadAction","target":["https:\/\/www.fotonet.info\/?page_id=1258"]}]},{"@type":"ImageObject","inLanguage":"en-US","@id":"https:\/\/www.fotonet.info\/?page_id=1258#primaryimage","url":"https:\/\/www.fotonet.infowp-content\/uploads\/2021\/12\/FotoalbumyS-1.png","contentUrl":"https:\/\/www.fotonet.infowp-content\/uploads\/2021\/12\/FotoalbumyS-1.png"},{"@type":"BreadcrumbList","@id":"https:\/\/www.fotonet.info\/?page_id=1258#breadcrumb","itemListElement":[{"@type":"ListItem","position":1,"name":"Home","item":"https:\/\/www.fotonet.info\/"},{"@type":"ListItem","position":2,"name":"Foto-Albumy i Foto-Ksi\u0105\u017cki"}]},{"@type":"WebSite","@id":"https:\/\/www.fotonet.info\/#website","url":"https:\/\/www.fotonet.info\/","name":"Fotonet","description":"Magia Druku i Fotografii","publisher":{"@id":"https:\/\/www.fotonet.info\/#organization"},"potentialAction":[{"@type":"SearchAction","target":{"@type":"EntryPoint","urlTemplate":"https:\/\/www.fotonet.info\/?s={search_term_string}"},"query-input":{"@type":"PropertyValueSpecification","valueRequired":true,"valueName":"search_term_string"}}],"inLanguage":"en-US"},{"@type":"Organization","@id":"https:\/\/www.fotonet.info\/#organization","name":"Fotonet","url":"https:\/\/www.fotonet.info\/","logo":{"@type":"ImageObject","inLanguage":"en-US","@id":"https:\/\/www.fotonet.info\/#\/schema\/logo\/image\/","url":"https:\/\/www.fotonet.info\/wp-content\/uploads\/2022\/06\/Logo_Kwadrat.jpg","contentUrl":"https:\/\/www.fotonet.info\/wp-content\/uploads\/2022\/06\/Logo_Kwadrat.jpg","width":1181,"height":1181,"caption":"Fotonet"},"image":{"@id":"https:\/\/www.fotonet.info\/#\/schema\/logo\/image\/"},"sameAs":["https:\/\/www.facebook.com\/fotonettychy\/","https:\/\/www.instagram.com\/fotonet_tychy\/"]}]}},"_links":{"self":[{"href":"https:\/\/www.fotonet.info\/index.php?rest_route=\/wp\/v2\/pages\/1258","targetHints":{"allow":["GET"]}}],"collection":[{"href":"https:\/\/www.fotonet.info\/index.php?rest_route=\/wp\/v2\/pages"}],"about":[{"href":"https:\/\/www.fotonet.info\/index.php?rest_route=\/wp\/v2\/types\/page"}],"author":[{"embeddable":true,"href":"https:\/\/www.fotonet.info\/index.php?rest_route=\/wp\/v2\/users\/1"}],"replies":[{"embeddable":true,"href":"https:\/\/www.fotonet.info\/index.php?rest_route=%2Fwp%2Fv2%2Fcomments&post=1258"}],"version-history":[{"count":0,"href":"https:\/\/www.fotonet.info\/index.php?rest_route=\/wp\/v2\/pages\/1258\/revisions"}],"wp:attachment":[{"href":"https:\/\/www.fotonet.info\/index.php?rest_route=%2Fwp%2Fv2%2Fmedia&parent=1258"}],"curies":[{"name":"wp","href":"https:\/\/api.w.org\/{rel}","templated":true}]}}