{"id":1478,"date":"2021-10-29T14:10:27","date_gmt":"2021-10-29T14:10:27","guid":{"rendered":"https:\/\/www.fotonet.info?page_id=1478"},"modified":"2022-08-24T13:26:35","modified_gmt":"2022-08-24T13:26:35","slug":"wystawy-fotograficzne","status":"publish","type":"page","link":"https:\/\/www.fotonet.info\/?page_id=1478","title":{"rendered":"Wystawy Fotograficzne"},"content":{"rendered":"\n<hr class=\"wp-block-separator has-css-opacity animated fadeInRight is-style-wide\"\/>\n\n\n\n<h1 class=\"alignfull has-text-align-center animated zoomIn has-text-color wp-block-heading\" style=\"color:#565656\">Wystawy Fotograficzne<\/h1>\n\n\n\n<hr class=\"wp-block-separator has-css-opacity is-style-wide animated fadeInLeft\"\/>\n\n\n\n\n\n\n<div style=\"height:50px\" aria-hidden=\"true\" class=\"wp-block-spacer\"><\/div>\n\n\n\n<h3 class=\"has-text-align-center has-background wp-block-heading\" style=\"background-color:#ffffff\"><strong>Oferujemy us\u0142ug\u0119 kompleksowego wykonania wystaw fotograficznych.&nbsp;<\/strong><\/h3>\n\n\n\n<div style=\"height:50px\" aria-hidden=\"true\" class=\"wp-block-spacer\"><\/div>\n\n\n\n<div class=\"wp-block-columns are-vertically-aligned-center is-layout-flex wp-container-core-columns-is-layout-9d6595d7 wp-block-columns-is-layout-flex\">\n<div class=\"wp-block-column is-vertically-aligned-center is-layout-flow wp-block-column-is-layout-flow\"><div class=\"wp-block-image animated fadeInLeft\">\n<figure class=\"aligncenter size-full\"><img decoding=\"async\" width=\"1142\" height=\"1330\" data-src=\"https:\/\/www.fotonet.info\/wp-content\/uploads\/2022\/01\/michal-matlon-8rtptLrG5Q8-unsplash.jpg\" alt=\"\" class=\"wp-image-2138 lazyload\" data-srcset=\"https:\/\/www.fotonet.info\/wp-content\/uploads\/2022\/01\/michal-matlon-8rtptLrG5Q8-unsplash.jpg 1142w, https:\/\/www.fotonet.info\/wp-content\/uploads\/2022\/01\/michal-matlon-8rtptLrG5Q8-unsplash-258x300.jpg 258w, https:\/\/www.fotonet.info\/wp-content\/uploads\/2022\/01\/michal-matlon-8rtptLrG5Q8-unsplash-879x1024.jpg 879w, https:\/\/www.fotonet.info\/wp-content\/uploads\/2022\/01\/michal-matlon-8rtptLrG5Q8-unsplash-768x894.jpg 768w\" data-sizes=\"(max-width: 1142px) 100vw, 1142px\" src=\"data:image\/svg+xml;base64,PHN2ZyB3aWR0aD0iMSIgaGVpZ2h0PSIxIiB4bWxucz0iaHR0cDovL3d3dy53My5vcmcvMjAwMC9zdmciPjwvc3ZnPg==\" style=\"--smush-placeholder-width: 1142px; --smush-placeholder-aspect-ratio: 1142\/1330;\" \/><\/figure>\n<\/div><\/div>\n\n\n\n<div class=\"wp-block-column is-vertically-aligned-center is-layout-flow wp-block-column-is-layout-flow\">\n<p><\/p>\n<h4 class=\"paragraph_style_2\" lang=\"--multilingual\" style=\"text-align: left;\" xml:lang=\"--multilingual\">Je\u015bli planujesz zorganizowanie wystawy fotografii w dowolnym mie\u015bcie w Polsce, wykorzystaj nasze do\u015bwiadczenie &#8211; skontaktuj si\u0119 z nami!<\/h4>\n<p class=\"paragraph_style_2\" lang=\"--multilingual\" style=\"text-align: center;\" xml:lang=\"--multilingual\"><strong>Pe\u0142ne przygotowanie wystawy obejmuje:<\/strong><\/p>\n<ol style=\"text-align: left;\">\n<li class=\"paragraph_style_2\" lang=\"--multilingual\" xml:lang=\"--multilingual\">Wykonanie zdj\u0119\u0107 (do formatu 76&#215;400 cm) w czterech gradacjach papieru (b\u0142yszcz\u0105cy, matowy, jedwabisty, metaliczny), na\u015bwietlanych na wysokiej klasy urz\u0105dzeniu &#8211; Durst Theta<\/li>\n<li class=\"paragraph_style_2\" lang=\"--multilingual\" xml:lang=\"--multilingual\">Przyklejenia zdj\u0119\u0107 na board lub PCV,<\/li>\n<li class=\"paragraph_style_2\" lang=\"--multilingual\" xml:lang=\"--multilingual\">Laminowanie na zimno lub gor\u0105co,<\/li>\n<li class=\"paragraph_style_2\" lang=\"--multilingual\" xml:lang=\"--multilingual\">Ramowanie profilami aluminiowymi lub drewnianymi.<\/li>\n<li lang=\"--multilingual\" xml:lang=\"--multilingual\">Wykonanie materia\u0142\u00f3w reklamowych (plakat\u00f3w, ulotek, baner\u00f3w)<\/li>\n<\/ol>\n<p style=\"text-align: center;\"><strong>Dodatkowo oferujemy wsparcie graficzne, takie jak:<\/strong><\/p>\n<ol>\n<li style=\"text-align: left;\">Korekt\u0119 kolorystyczn\u0105 zdj\u0119\u0107<\/li>\n<li style=\"text-align: left;\">Dodanie passe-partout z opisem: autor, tytu\u0142 fotografii, loga<\/li>\n<\/ol>\n\n\n\n<div style=\"height:50px\" aria-hidden=\"true\" class=\"wp-block-spacer\"><\/div>\n\n\n\n<div class=\"wp-block-buttons is-horizontal is-content-justification-center is-layout-flex wp-container-core-buttons-is-layout-499968f5 wp-block-buttons-is-layout-flex\">\n<div class=\"wp-block-button is-style-outline is-style-outline--1\"><a class=\"wp-block-button__link\" href=\"https:\/\/www.fotonet.info?page_id=1163\">Dowiedz si\u0119 wi\u0119cej<\/a><\/div>\n<\/div>\n<\/div>\n\n\n\n<div class=\"wp-block-column is-vertically-aligned-center is-layout-flow wp-block-column-is-layout-flow\">\n<figure class=\"wp-block-gallery has-nested-images columns-2 is-cropped animated fadeInRight wp-block-gallery-2 is-layout-flex wp-block-gallery-is-layout-flex\">\n<figure class=\"wp-block-image size-large\"><img decoding=\"async\" width=\"150\" height=\"150\" data-id=\"1492\" data-src=\"https:\/\/www.fotonet.info\/wp-content\/uploads\/2021\/10\/05ramka.jpg\" alt=\"\" class=\"wp-image-1492 lazyload\" src=\"data:image\/svg+xml;base64,PHN2ZyB3aWR0aD0iMSIgaGVpZ2h0PSIxIiB4bWxucz0iaHR0cDovL3d3dy53My5vcmcvMjAwMC9zdmciPjwvc3ZnPg==\" style=\"--smush-placeholder-width: 150px; --smush-placeholder-aspect-ratio: 150\/150;\" \/><figcaption>Ramowanie<\/figcaption><\/figure>\n\n\n\n<figure class=\"wp-block-image size-large\"><img decoding=\"async\" width=\"150\" height=\"150\" data-id=\"1491\" data-src=\"https:\/\/www.fotonet.info\/wp-content\/uploads\/2021\/10\/04board.jpg\" alt=\"\" class=\"wp-image-1491 lazyload\" src=\"data:image\/svg+xml;base64,PHN2ZyB3aWR0aD0iMSIgaGVpZ2h0PSIxIiB4bWxucz0iaHR0cDovL3d3dy53My5vcmcvMjAwMC9zdmciPjwvc3ZnPg==\" style=\"--smush-placeholder-width: 150px; --smush-placeholder-aspect-ratio: 150\/150;\" \/><figcaption>Board lub PCV<\/figcaption><\/figure>\n\n\n\n<figure class=\"wp-block-image size-large\"><img decoding=\"async\" width=\"150\" height=\"150\" data-id=\"1490\" data-src=\"https:\/\/www.fotonet.info\/wp-content\/uploads\/2021\/10\/03folia.jpg\" alt=\"\" class=\"wp-image-1490 lazyload\" src=\"data:image\/svg+xml;base64,PHN2ZyB3aWR0aD0iMSIgaGVpZ2h0PSIxIiB4bWxucz0iaHR0cDovL3d3dy53My5vcmcvMjAwMC9zdmciPjwvc3ZnPg==\" style=\"--smush-placeholder-width: 150px; --smush-placeholder-aspect-ratio: 150\/150;\" \/><figcaption>Foliowanie<\/figcaption><\/figure>\n\n\n\n<figure class=\"wp-block-image size-large\"><img decoding=\"async\" width=\"150\" height=\"150\" data-id=\"1489\" data-src=\"https:\/\/www.fotonet.info\/wp-content\/uploads\/2021\/10\/02passe.jpg\" alt=\"\" class=\"wp-image-1489 lazyload\" src=\"data:image\/svg+xml;base64,PHN2ZyB3aWR0aD0iMSIgaGVpZ2h0PSIxIiB4bWxucz0iaHR0cDovL3d3dy53My5vcmcvMjAwMC9zdmciPjwvc3ZnPg==\" style=\"--smush-placeholder-width: 150px; --smush-placeholder-aspect-ratio: 150\/150;\" \/><figcaption>Passe-partout<\/figcaption><\/figure>\n<\/figure>\n<\/div>\n<\/div>\n\n\n\n<div style=\"height:50px\" aria-hidden=\"true\" class=\"wp-block-spacer\"><\/div>\n\n\n\n<div class=\"wp-block-buttons is-layout-flex wp-block-buttons-is-layout-flex\">\n<div class=\"wp-block-button is-style-outline is-style-outline--3\"><a class=\"wp-block-button__link\" href=\"https:\/\/www.fotonet.info\">Wr\u00f3\u0107<\/a><\/div>\n<\/div>\n","protected":false},"excerpt":{"rendered":"<p>Wystawy Fotograficzne Oferujemy us\u0142ug\u0119 kompleksowego wykonania wystaw fotograficznych.&nbsp; Je\u015bli planujesz zorganizowanie wystawy fotografii w dowolnym mie\u015bcie w Polsce, wykorzystaj nasze&hellip;<\/p>\n","protected":false},"author":1,"featured_media":0,"parent":0,"menu_order":0,"comment_status":"closed","ping_status":"closed","template":"","meta":{"footnotes":""},"class_list":["post-1478","page","type-page","status-publish","hentry"],"yoast_head":"<!-- This site is optimized with the Yoast SEO plugin v27.6 - https:\/\/yoast.com\/product\/yoast-seo-wordpress\/ -->\n<title>Wystawy Fotograficzne - Zdj\u0119cia - Ramowanie - Tychy - \u015al\u0105sk<\/title>\n<meta name=\"description\" content=\"Wystawy fotograficzne, wywo\u0142ywanie zdj\u0119\u0107 oraz pe\u0142na gama foto-produkt\u00f3w! Zapraszamy do naszego sklepu w Tychach! + 48 510 238 968\" \/>\n<meta name=\"robots\" content=\"index, follow, max-snippet:-1, max-image-preview:large, max-video-preview:-1\" \/>\n<link rel=\"canonical\" href=\"https:\/\/www.fotonet.info\/?page_id=1478\" \/>\n<meta property=\"og:locale\" content=\"en_US\" \/>\n<meta property=\"og:type\" content=\"article\" \/>\n<meta property=\"og:title\" content=\"Wystawy Fotograficzne - Zdj\u0119cia - Ramowanie - Tychy - \u015al\u0105sk\" \/>\n<meta property=\"og:description\" content=\"Wystawy fotograficzne, wywo\u0142ywanie zdj\u0119\u0107 oraz pe\u0142na gama foto-produkt\u00f3w! Zapraszamy do naszego sklepu w Tychach! + 48 510 238 968\" \/>\n<meta property=\"og:url\" content=\"https:\/\/www.fotonet.info\/?page_id=1478\" \/>\n<meta property=\"og:site_name\" content=\"Fotonet\" \/>\n<meta property=\"article:publisher\" content=\"https:\/\/www.facebook.com\/fotonettychy\/\" \/>\n<meta property=\"article:modified_time\" content=\"2022-08-24T13:26:35+00:00\" \/>\n<meta property=\"og:image\" content=\"https:\/\/www.fotonet.info\/wp-content\/uploads\/2022\/01\/michal-matlon-8rtptLrG5Q8-unsplash.jpg\" \/>\n<meta name=\"twitter:card\" content=\"summary_large_image\" \/>\n<meta name=\"twitter:label1\" content=\"Est. reading time\" \/>\n\t<meta name=\"twitter:data1\" content=\"2 minutes\" \/>\n<script type=\"application\/ld+json\" class=\"yoast-schema-graph\">{\"@context\":\"https:\\\/\\\/schema.org\",\"@graph\":[{\"@type\":\"WebPage\",\"@id\":\"https:\\\/\\\/www.fotonet.info\\\/?page_id=1478\",\"url\":\"https:\\\/\\\/www.fotonet.info\\\/?page_id=1478\",\"name\":\"Wystawy Fotograficzne - Zdj\u0119cia - Ramowanie - Tychy - \u015al\u0105sk\",\"isPartOf\":{\"@id\":\"https:\\\/\\\/www.fotonet.info\\\/#website\"},\"primaryImageOfPage\":{\"@id\":\"https:\\\/\\\/www.fotonet.info\\\/?page_id=1478#primaryimage\"},\"image\":{\"@id\":\"https:\\\/\\\/www.fotonet.info\\\/?page_id=1478#primaryimage\"},\"thumbnailUrl\":\"https:\\\/\\\/www.fotonet.info\\\/wp-content\\\/uploads\\\/2022\\\/01\\\/michal-matlon-8rtptLrG5Q8-unsplash.jpg\",\"datePublished\":\"2021-10-29T14:10:27+00:00\",\"dateModified\":\"2022-08-24T13:26:35+00:00\",\"description\":\"Wystawy fotograficzne, wywo\u0142ywanie zdj\u0119\u0107 oraz pe\u0142na gama foto-produkt\u00f3w! Zapraszamy do naszego sklepu w Tychach! + 48 510 238 968\",\"breadcrumb\":{\"@id\":\"https:\\\/\\\/www.fotonet.info\\\/?page_id=1478#breadcrumb\"},\"inLanguage\":\"en-US\",\"potentialAction\":[{\"@type\":\"ReadAction\",\"target\":[\"https:\\\/\\\/www.fotonet.info\\\/?page_id=1478\"]}]},{\"@type\":\"ImageObject\",\"inLanguage\":\"en-US\",\"@id\":\"https:\\\/\\\/www.fotonet.info\\\/?page_id=1478#primaryimage\",\"url\":\"https:\\\/\\\/www.fotonet.info\\\/wp-content\\\/uploads\\\/2022\\\/01\\\/michal-matlon-8rtptLrG5Q8-unsplash.jpg\",\"contentUrl\":\"https:\\\/\\\/www.fotonet.info\\\/wp-content\\\/uploads\\\/2022\\\/01\\\/michal-matlon-8rtptLrG5Q8-unsplash.jpg\",\"width\":1142,\"height\":1330},{\"@type\":\"BreadcrumbList\",\"@id\":\"https:\\\/\\\/www.fotonet.info\\\/?page_id=1478#breadcrumb\",\"itemListElement\":[{\"@type\":\"ListItem\",\"position\":1,\"name\":\"Home\",\"item\":\"https:\\\/\\\/www.fotonet.info\\\/\"},{\"@type\":\"ListItem\",\"position\":2,\"name\":\"Wystawy Fotograficzne\"}]},{\"@type\":\"WebSite\",\"@id\":\"https:\\\/\\\/www.fotonet.info\\\/#website\",\"url\":\"https:\\\/\\\/www.fotonet.info\\\/\",\"name\":\"Fotonet\",\"description\":\"Magia Druku i Fotografii\",\"publisher\":{\"@id\":\"https:\\\/\\\/www.fotonet.info\\\/#organization\"},\"potentialAction\":[{\"@type\":\"SearchAction\",\"target\":{\"@type\":\"EntryPoint\",\"urlTemplate\":\"https:\\\/\\\/www.fotonet.info\\\/?s={search_term_string}\"},\"query-input\":{\"@type\":\"PropertyValueSpecification\",\"valueRequired\":true,\"valueName\":\"search_term_string\"}}],\"inLanguage\":\"en-US\"},{\"@type\":\"Organization\",\"@id\":\"https:\\\/\\\/www.fotonet.info\\\/#organization\",\"name\":\"Fotonet\",\"url\":\"https:\\\/\\\/www.fotonet.info\\\/\",\"logo\":{\"@type\":\"ImageObject\",\"inLanguage\":\"en-US\",\"@id\":\"https:\\\/\\\/www.fotonet.info\\\/#\\\/schema\\\/logo\\\/image\\\/\",\"url\":\"https:\\\/\\\/www.fotonet.info\\\/wp-content\\\/uploads\\\/2022\\\/06\\\/Logo_Kwadrat.jpg\",\"contentUrl\":\"https:\\\/\\\/www.fotonet.info\\\/wp-content\\\/uploads\\\/2022\\\/06\\\/Logo_Kwadrat.jpg\",\"width\":1181,\"height\":1181,\"caption\":\"Fotonet\"},\"image\":{\"@id\":\"https:\\\/\\\/www.fotonet.info\\\/#\\\/schema\\\/logo\\\/image\\\/\"},\"sameAs\":[\"https:\\\/\\\/www.facebook.com\\\/fotonettychy\\\/\",\"https:\\\/\\\/www.instagram.com\\\/fotonet_tychy\\\/\"]}]}<\/script>\n<!-- \/ Yoast SEO plugin. -->","yoast_head_json":{"title":"Wystawy Fotograficzne - Zdj\u0119cia - Ramowanie - Tychy - \u015al\u0105sk","description":"Wystawy fotograficzne, wywo\u0142ywanie zdj\u0119\u0107 oraz pe\u0142na gama foto-produkt\u00f3w! Zapraszamy do naszego sklepu w Tychach! + 48 510 238 968","robots":{"index":"index","follow":"follow","max-snippet":"max-snippet:-1","max-image-preview":"max-image-preview:large","max-video-preview":"max-video-preview:-1"},"canonical":"https:\/\/www.fotonet.info\/?page_id=1478","og_locale":"en_US","og_type":"article","og_title":"Wystawy Fotograficzne - Zdj\u0119cia - Ramowanie - Tychy - \u015al\u0105sk","og_description":"Wystawy fotograficzne, wywo\u0142ywanie zdj\u0119\u0107 oraz pe\u0142na gama foto-produkt\u00f3w! Zapraszamy do naszego sklepu w Tychach! + 48 510 238 968","og_url":"https:\/\/www.fotonet.info\/?page_id=1478","og_site_name":"Fotonet","article_publisher":"https:\/\/www.facebook.com\/fotonettychy\/","article_modified_time":"2022-08-24T13:26:35+00:00","og_image":[{"url":"https:\/\/www.fotonet.info\/wp-content\/uploads\/2022\/01\/michal-matlon-8rtptLrG5Q8-unsplash.jpg","type":"","width":"","height":""}],"twitter_card":"summary_large_image","twitter_misc":{"Est. reading time":"2 minutes"},"schema":{"@context":"https:\/\/schema.org","@graph":[{"@type":"WebPage","@id":"https:\/\/www.fotonet.info\/?page_id=1478","url":"https:\/\/www.fotonet.info\/?page_id=1478","name":"Wystawy Fotograficzne - Zdj\u0119cia - Ramowanie - Tychy - \u015al\u0105sk","isPartOf":{"@id":"https:\/\/www.fotonet.info\/#website"},"primaryImageOfPage":{"@id":"https:\/\/www.fotonet.info\/?page_id=1478#primaryimage"},"image":{"@id":"https:\/\/www.fotonet.info\/?page_id=1478#primaryimage"},"thumbnailUrl":"https:\/\/www.fotonet.info\/wp-content\/uploads\/2022\/01\/michal-matlon-8rtptLrG5Q8-unsplash.jpg","datePublished":"2021-10-29T14:10:27+00:00","dateModified":"2022-08-24T13:26:35+00:00","description":"Wystawy fotograficzne, wywo\u0142ywanie zdj\u0119\u0107 oraz pe\u0142na gama foto-produkt\u00f3w! Zapraszamy do naszego sklepu w Tychach! + 48 510 238 968","breadcrumb":{"@id":"https:\/\/www.fotonet.info\/?page_id=1478#breadcrumb"},"inLanguage":"en-US","potentialAction":[{"@type":"ReadAction","target":["https:\/\/www.fotonet.info\/?page_id=1478"]}]},{"@type":"ImageObject","inLanguage":"en-US","@id":"https:\/\/www.fotonet.info\/?page_id=1478#primaryimage","url":"https:\/\/www.fotonet.info\/wp-content\/uploads\/2022\/01\/michal-matlon-8rtptLrG5Q8-unsplash.jpg","contentUrl":"https:\/\/www.fotonet.info\/wp-content\/uploads\/2022\/01\/michal-matlon-8rtptLrG5Q8-unsplash.jpg","width":1142,"height":1330},{"@type":"BreadcrumbList","@id":"https:\/\/www.fotonet.info\/?page_id=1478#breadcrumb","itemListElement":[{"@type":"ListItem","position":1,"name":"Home","item":"https:\/\/www.fotonet.info\/"},{"@type":"ListItem","position":2,"name":"Wystawy Fotograficzne"}]},{"@type":"WebSite","@id":"https:\/\/www.fotonet.info\/#website","url":"https:\/\/www.fotonet.info\/","name":"Fotonet","description":"Magia Druku i Fotografii","publisher":{"@id":"https:\/\/www.fotonet.info\/#organization"},"potentialAction":[{"@type":"SearchAction","target":{"@type":"EntryPoint","urlTemplate":"https:\/\/www.fotonet.info\/?s={search_term_string}"},"query-input":{"@type":"PropertyValueSpecification","valueRequired":true,"valueName":"search_term_string"}}],"inLanguage":"en-US"},{"@type":"Organization","@id":"https:\/\/www.fotonet.info\/#organization","name":"Fotonet","url":"https:\/\/www.fotonet.info\/","logo":{"@type":"ImageObject","inLanguage":"en-US","@id":"https:\/\/www.fotonet.info\/#\/schema\/logo\/image\/","url":"https:\/\/www.fotonet.info\/wp-content\/uploads\/2022\/06\/Logo_Kwadrat.jpg","contentUrl":"https:\/\/www.fotonet.info\/wp-content\/uploads\/2022\/06\/Logo_Kwadrat.jpg","width":1181,"height":1181,"caption":"Fotonet"},"image":{"@id":"https:\/\/www.fotonet.info\/#\/schema\/logo\/image\/"},"sameAs":["https:\/\/www.facebook.com\/fotonettychy\/","https:\/\/www.instagram.com\/fotonet_tychy\/"]}]}},"_links":{"self":[{"href":"https:\/\/www.fotonet.info\/index.php?rest_route=\/wp\/v2\/pages\/1478","targetHints":{"allow":["GET"]}}],"collection":[{"href":"https:\/\/www.fotonet.info\/index.php?rest_route=\/wp\/v2\/pages"}],"about":[{"href":"https:\/\/www.fotonet.info\/index.php?rest_route=\/wp\/v2\/types\/page"}],"author":[{"embeddable":true,"href":"https:\/\/www.fotonet.info\/index.php?rest_route=\/wp\/v2\/users\/1"}],"replies":[{"embeddable":true,"href":"https:\/\/www.fotonet.info\/index.php?rest_route=%2Fwp%2Fv2%2Fcomments&post=1478"}],"version-history":[{"count":0,"href":"https:\/\/www.fotonet.info\/index.php?rest_route=\/wp\/v2\/pages\/1478\/revisions"}],"wp:attachment":[{"href":"https:\/\/www.fotonet.info\/index.php?rest_route=%2Fwp%2Fv2%2Fmedia&parent=1478"}],"curies":[{"name":"wp","href":"https:\/\/api.w.org\/{rel}","templated":true}]}}