{"id":1524,"date":"2021-10-29T16:57:16","date_gmt":"2021-10-29T16:57:16","guid":{"rendered":"https:\/\/www.fotonet.info?page_id=1524"},"modified":"2022-08-24T13:17:21","modified_gmt":"2022-08-24T13:17:21","slug":"zdjecia-do-dokumentow","status":"publish","type":"page","link":"https:\/\/www.fotonet.info\/?page_id=1524","title":{"rendered":"Zdj\u0119cia do dokument\u00f3w"},"content":{"rendered":"\n<hr class=\"wp-block-separator has-css-opacity animated fadeInRight is-style-wide\"\/>\n\n\n\n<h1 class=\"alignfull has-text-align-center animated zoomIn has-text-color wp-block-heading\" style=\"color:#565656\">Zdj\u0119cia do dokument\u00f3w<\/h1>\n\n\n\n<hr class=\"wp-block-separator has-css-opacity is-style-wide animated fadeInLeft\"\/>\n\n\n\n<div style=\"height:50px\" aria-hidden=\"true\" class=\"wp-block-spacer\"><\/div>\n\n\n\n<div class=\"wp-block-columns is-layout-flex wp-container-core-columns-is-layout-9d6595d7 wp-block-columns-is-layout-flex\">\n<div class=\"wp-block-column is-vertically-aligned-center animated fadeInLeft is-layout-flow wp-block-column-is-layout-flow\">\n<h2 style=\"text-align: center;\"><strong>U nas sprawnie i w kilka minut wykonasz zdj\u0119cia do dokument\u00f3w!<p><\/p>\n<\/strong><p><strong><\/strong><\/p>\n<p><strong><\/strong><\/p>\n<p><strong><\/strong><\/p>\n<p><strong><\/strong><\/p>\n<\/h2>\n<h3 style=\"text-align: center;\">Z ka\u017cdego zdj\u0119cia wywo\u0142ujemy kombi z <strong>15<\/strong> zdj\u0119ciami, w sk\u0142ad kt\u00f3rego wchodzi:<p><\/p>\n<\/h3>\n<h3 style=\"text-align: center;\"><strong>6 zdj\u0119\u0107 dowodowych<\/strong><\/h3>\n<h3 style=\"text-align: center;\"><strong>3 zdj\u0119cia identyfikacyjne<\/strong><\/h3>\n<h3 style=\"text-align: center;\"><strong>4 zdj\u0119cia legitymacyjne<\/strong><\/h3>\n<h3 style=\"text-align: center;\"><strong>2 zdj\u0119cia dyplomowe<\/strong><\/h3>\n<\/div>\n\n\n\n<div class=\"wp-block-column is-vertically-aligned-center is-layout-flow wp-block-column-is-layout-flow\"><div class=\"wp-block-image animated fadeInRight\">\n<figure class=\"aligncenter size-full\"><img decoding=\"async\" width=\"628\" height=\"785\" data-src=\"https:\/\/www.fotonet.info\/wp-content\/uploads\/2021\/10\/Zrzut-ekranu-2021-10-29-o-13.46.41.png\" alt=\"\" class=\"wp-image-1525 lazyload\" data-srcset=\"https:\/\/www.fotonet.info\/wp-content\/uploads\/2021\/10\/Zrzut-ekranu-2021-10-29-o-13.46.41.png 628w, https:\/\/www.fotonet.info\/wp-content\/uploads\/2021\/10\/Zrzut-ekranu-2021-10-29-o-13.46.41-240x300.png 240w\" data-sizes=\"(max-width: 628px) 100vw, 628px\" src=\"data:image\/svg+xml;base64,PHN2ZyB3aWR0aD0iMSIgaGVpZ2h0PSIxIiB4bWxucz0iaHR0cDovL3d3dy53My5vcmcvMjAwMC9zdmciPjwvc3ZnPg==\" style=\"--smush-placeholder-width: 628px; --smush-placeholder-aspect-ratio: 628\/785;\" \/><\/figure>\n<\/div><\/div>\n<\/div>\n\n\n\n<div style=\"height:20px\" aria-hidden=\"true\" class=\"wp-block-spacer\"><\/div>\n\n\n\n<hr class=\"wp-block-separator has-css-opacity is-style-wide animated fadeInLeft\"\/>\n\n\n<h2 style=\"text-align: center;\">Zapraszamy do nas!<\/h2>\n\n\n<hr class=\"wp-block-separator has-css-opacity is-style-wide animated fadeInRight\"\/>\n\n\n\n<div style=\"height:20px\" aria-hidden=\"true\" class=\"wp-block-spacer\"><\/div>\n\n\n<h4 style=\"text-align: center;\"><span style=\"font-family: 'Arial Black', 'Avant Garde'; color: #ff0000;\"><span style=\"color: #808080;\">Adres<\/span><br><\/span><span style=\"font-family: Arial, Helvetica, sans-serif;\">ul. Honoraty 3-5-7 (dojazd od ulicy M. Kopernika)<\/span><br><span style=\"font-family: Arial, Helvetica, sans-serif;\">43-100 Tychy<\/span><\/h4>\n\n\n<div style=\"text-align:center;\"><iframe src=\"https:\/\/www.google.com\/maps\/embed?pb=!1m18!1m12!1m3!1d2558.17212112772!2d18.97617571586681!3d50.120501079431094!2m3!1f0!2f0!3f0!3m2!1i1024!2i768!4f13.1!3m3!1m2!1s0x4716b80fcce75c1f%3A0x53d8b8949f89764b!2sFotonet!5e0!3m2!1spl!2sbr!4v1635526552185!5m2!1spl!2sbr\" width=\"800\" height=\"600\" style=\"border:0;\" allowfullscreen=\"\" loading=\"lazy\"><\/iframe><\/div>\n\n\n\n<div style=\"height:50px\" aria-hidden=\"true\" class=\"wp-block-spacer\"><\/div>\n\n\n\n<div class=\"wp-block-buttons is-layout-flex wp-block-buttons-is-layout-flex\">\n<div class=\"wp-block-button is-style-outline is-style-outline--1\"><a class=\"wp-block-button__link\" href=\"https:\/\/www.fotonet.info\">Wr\u00f3\u0107<\/a><\/div>\n<\/div>\n","protected":false},"excerpt":{"rendered":"<p>Zdj\u0119cia do dokument\u00f3w U nas sprawnie i w kilka minut wykonasz zdj\u0119cia do dokument\u00f3w! Z ka\u017cdego zdj\u0119cia wywo\u0142ujemy kombi z&hellip;<\/p>\n","protected":false},"author":1,"featured_media":0,"parent":0,"menu_order":0,"comment_status":"closed","ping_status":"closed","template":"","meta":{"footnotes":""},"class_list":["post-1524","page","type-page","status-publish","hentry"],"yoast_head":"<!-- This site is optimized with the Yoast SEO plugin v27.4 - https:\/\/yoast.com\/product\/yoast-seo-wordpress\/ -->\n<title>Zdj\u0119cia do dokument\u00f3w - Fotonet - Na miejscu - Tychy<\/title>\n<meta name=\"description\" content=\"Wystawy fotograficzne, wywo\u0142ywanie zdj\u0119\u0107 oraz pe\u0142na gama foto-produkt\u00f3w! Zapraszamy do naszego sklepu w Tychach! + 48 510 238 968\" \/>\n<meta name=\"robots\" content=\"index, follow, max-snippet:-1, max-image-preview:large, max-video-preview:-1\" \/>\n<link rel=\"canonical\" href=\"https:\/\/www.fotonet.info\/?page_id=1524\" \/>\n<meta property=\"og:locale\" content=\"en_US\" \/>\n<meta property=\"og:type\" content=\"article\" \/>\n<meta property=\"og:title\" content=\"Zdj\u0119cia do dokument\u00f3w - Fotonet - Na miejscu - Tychy\" \/>\n<meta property=\"og:description\" content=\"Wystawy fotograficzne, wywo\u0142ywanie zdj\u0119\u0107 oraz pe\u0142na gama foto-produkt\u00f3w! Zapraszamy do naszego sklepu w Tychach! + 48 510 238 968\" \/>\n<meta property=\"og:url\" content=\"https:\/\/www.fotonet.info\/?page_id=1524\" \/>\n<meta property=\"og:site_name\" content=\"Fotonet\" \/>\n<meta property=\"article:publisher\" content=\"https:\/\/www.facebook.com\/fotonettychy\/\" \/>\n<meta property=\"article:modified_time\" content=\"2022-08-24T13:17:21+00:00\" \/>\n<meta property=\"og:image\" content=\"https:\/\/www.fotonet.info\/wp-content\/uploads\/2021\/10\/Zrzut-ekranu-2021-10-29-o-13.46.41.png\" \/>\n<meta name=\"twitter:card\" content=\"summary_large_image\" \/>\n<meta name=\"twitter:label1\" content=\"Est. reading time\" \/>\n\t<meta name=\"twitter:data1\" content=\"1 minute\" \/>\n<script type=\"application\/ld+json\" class=\"yoast-schema-graph\">{\"@context\":\"https:\\\/\\\/schema.org\",\"@graph\":[{\"@type\":\"WebPage\",\"@id\":\"https:\\\/\\\/www.fotonet.info\\\/?page_id=1524\",\"url\":\"https:\\\/\\\/www.fotonet.info\\\/?page_id=1524\",\"name\":\"Zdj\u0119cia do dokument\u00f3w - Fotonet - Na miejscu - Tychy\",\"isPartOf\":{\"@id\":\"https:\\\/\\\/www.fotonet.info\\\/#website\"},\"primaryImageOfPage\":{\"@id\":\"https:\\\/\\\/www.fotonet.info\\\/?page_id=1524#primaryimage\"},\"image\":{\"@id\":\"https:\\\/\\\/www.fotonet.info\\\/?page_id=1524#primaryimage\"},\"thumbnailUrl\":\"https:\\\/\\\/www.fotonet.info\\\/wp-content\\\/uploads\\\/2021\\\/10\\\/Zrzut-ekranu-2021-10-29-o-13.46.41.png\",\"datePublished\":\"2021-10-29T16:57:16+00:00\",\"dateModified\":\"2022-08-24T13:17:21+00:00\",\"description\":\"Wystawy fotograficzne, wywo\u0142ywanie zdj\u0119\u0107 oraz pe\u0142na gama foto-produkt\u00f3w! Zapraszamy do naszego sklepu w Tychach! + 48 510 238 968\",\"breadcrumb\":{\"@id\":\"https:\\\/\\\/www.fotonet.info\\\/?page_id=1524#breadcrumb\"},\"inLanguage\":\"en-US\",\"potentialAction\":[{\"@type\":\"ReadAction\",\"target\":[\"https:\\\/\\\/www.fotonet.info\\\/?page_id=1524\"]}]},{\"@type\":\"ImageObject\",\"inLanguage\":\"en-US\",\"@id\":\"https:\\\/\\\/www.fotonet.info\\\/?page_id=1524#primaryimage\",\"url\":\"https:\\\/\\\/www.fotonet.info\\\/wp-content\\\/uploads\\\/2021\\\/10\\\/Zrzut-ekranu-2021-10-29-o-13.46.41.png\",\"contentUrl\":\"https:\\\/\\\/www.fotonet.info\\\/wp-content\\\/uploads\\\/2021\\\/10\\\/Zrzut-ekranu-2021-10-29-o-13.46.41.png\",\"width\":628,\"height\":785},{\"@type\":\"BreadcrumbList\",\"@id\":\"https:\\\/\\\/www.fotonet.info\\\/?page_id=1524#breadcrumb\",\"itemListElement\":[{\"@type\":\"ListItem\",\"position\":1,\"name\":\"Home\",\"item\":\"https:\\\/\\\/www.fotonet.info\\\/\"},{\"@type\":\"ListItem\",\"position\":2,\"name\":\"Zdj\u0119cia do dokument\u00f3w\"}]},{\"@type\":\"WebSite\",\"@id\":\"https:\\\/\\\/www.fotonet.info\\\/#website\",\"url\":\"https:\\\/\\\/www.fotonet.info\\\/\",\"name\":\"Fotonet\",\"description\":\"Magia Druku i Fotografii\",\"publisher\":{\"@id\":\"https:\\\/\\\/www.fotonet.info\\\/#organization\"},\"potentialAction\":[{\"@type\":\"SearchAction\",\"target\":{\"@type\":\"EntryPoint\",\"urlTemplate\":\"https:\\\/\\\/www.fotonet.info\\\/?s={search_term_string}\"},\"query-input\":{\"@type\":\"PropertyValueSpecification\",\"valueRequired\":true,\"valueName\":\"search_term_string\"}}],\"inLanguage\":\"en-US\"},{\"@type\":\"Organization\",\"@id\":\"https:\\\/\\\/www.fotonet.info\\\/#organization\",\"name\":\"Fotonet\",\"url\":\"https:\\\/\\\/www.fotonet.info\\\/\",\"logo\":{\"@type\":\"ImageObject\",\"inLanguage\":\"en-US\",\"@id\":\"https:\\\/\\\/www.fotonet.info\\\/#\\\/schema\\\/logo\\\/image\\\/\",\"url\":\"https:\\\/\\\/www.fotonet.info\\\/wp-content\\\/uploads\\\/2022\\\/06\\\/Logo_Kwadrat.jpg\",\"contentUrl\":\"https:\\\/\\\/www.fotonet.info\\\/wp-content\\\/uploads\\\/2022\\\/06\\\/Logo_Kwadrat.jpg\",\"width\":1181,\"height\":1181,\"caption\":\"Fotonet\"},\"image\":{\"@id\":\"https:\\\/\\\/www.fotonet.info\\\/#\\\/schema\\\/logo\\\/image\\\/\"},\"sameAs\":[\"https:\\\/\\\/www.facebook.com\\\/fotonettychy\\\/\",\"https:\\\/\\\/www.instagram.com\\\/fotonet_tychy\\\/\"]}]}<\/script>\n<!-- \/ Yoast SEO plugin. -->","yoast_head_json":{"title":"Zdj\u0119cia do dokument\u00f3w - Fotonet - Na miejscu - Tychy","description":"Wystawy fotograficzne, wywo\u0142ywanie zdj\u0119\u0107 oraz pe\u0142na gama foto-produkt\u00f3w! Zapraszamy do naszego sklepu w Tychach! + 48 510 238 968","robots":{"index":"index","follow":"follow","max-snippet":"max-snippet:-1","max-image-preview":"max-image-preview:large","max-video-preview":"max-video-preview:-1"},"canonical":"https:\/\/www.fotonet.info\/?page_id=1524","og_locale":"en_US","og_type":"article","og_title":"Zdj\u0119cia do dokument\u00f3w - Fotonet - Na miejscu - Tychy","og_description":"Wystawy fotograficzne, wywo\u0142ywanie zdj\u0119\u0107 oraz pe\u0142na gama foto-produkt\u00f3w! Zapraszamy do naszego sklepu w Tychach! + 48 510 238 968","og_url":"https:\/\/www.fotonet.info\/?page_id=1524","og_site_name":"Fotonet","article_publisher":"https:\/\/www.facebook.com\/fotonettychy\/","article_modified_time":"2022-08-24T13:17:21+00:00","og_image":[{"url":"https:\/\/www.fotonet.info\/wp-content\/uploads\/2021\/10\/Zrzut-ekranu-2021-10-29-o-13.46.41.png","type":"","width":"","height":""}],"twitter_card":"summary_large_image","twitter_misc":{"Est. reading time":"1 minute"},"schema":{"@context":"https:\/\/schema.org","@graph":[{"@type":"WebPage","@id":"https:\/\/www.fotonet.info\/?page_id=1524","url":"https:\/\/www.fotonet.info\/?page_id=1524","name":"Zdj\u0119cia do dokument\u00f3w - Fotonet - Na miejscu - Tychy","isPartOf":{"@id":"https:\/\/www.fotonet.info\/#website"},"primaryImageOfPage":{"@id":"https:\/\/www.fotonet.info\/?page_id=1524#primaryimage"},"image":{"@id":"https:\/\/www.fotonet.info\/?page_id=1524#primaryimage"},"thumbnailUrl":"https:\/\/www.fotonet.info\/wp-content\/uploads\/2021\/10\/Zrzut-ekranu-2021-10-29-o-13.46.41.png","datePublished":"2021-10-29T16:57:16+00:00","dateModified":"2022-08-24T13:17:21+00:00","description":"Wystawy fotograficzne, wywo\u0142ywanie zdj\u0119\u0107 oraz pe\u0142na gama foto-produkt\u00f3w! Zapraszamy do naszego sklepu w Tychach! + 48 510 238 968","breadcrumb":{"@id":"https:\/\/www.fotonet.info\/?page_id=1524#breadcrumb"},"inLanguage":"en-US","potentialAction":[{"@type":"ReadAction","target":["https:\/\/www.fotonet.info\/?page_id=1524"]}]},{"@type":"ImageObject","inLanguage":"en-US","@id":"https:\/\/www.fotonet.info\/?page_id=1524#primaryimage","url":"https:\/\/www.fotonet.info\/wp-content\/uploads\/2021\/10\/Zrzut-ekranu-2021-10-29-o-13.46.41.png","contentUrl":"https:\/\/www.fotonet.info\/wp-content\/uploads\/2021\/10\/Zrzut-ekranu-2021-10-29-o-13.46.41.png","width":628,"height":785},{"@type":"BreadcrumbList","@id":"https:\/\/www.fotonet.info\/?page_id=1524#breadcrumb","itemListElement":[{"@type":"ListItem","position":1,"name":"Home","item":"https:\/\/www.fotonet.info\/"},{"@type":"ListItem","position":2,"name":"Zdj\u0119cia do dokument\u00f3w"}]},{"@type":"WebSite","@id":"https:\/\/www.fotonet.info\/#website","url":"https:\/\/www.fotonet.info\/","name":"Fotonet","description":"Magia Druku i Fotografii","publisher":{"@id":"https:\/\/www.fotonet.info\/#organization"},"potentialAction":[{"@type":"SearchAction","target":{"@type":"EntryPoint","urlTemplate":"https:\/\/www.fotonet.info\/?s={search_term_string}"},"query-input":{"@type":"PropertyValueSpecification","valueRequired":true,"valueName":"search_term_string"}}],"inLanguage":"en-US"},{"@type":"Organization","@id":"https:\/\/www.fotonet.info\/#organization","name":"Fotonet","url":"https:\/\/www.fotonet.info\/","logo":{"@type":"ImageObject","inLanguage":"en-US","@id":"https:\/\/www.fotonet.info\/#\/schema\/logo\/image\/","url":"https:\/\/www.fotonet.info\/wp-content\/uploads\/2022\/06\/Logo_Kwadrat.jpg","contentUrl":"https:\/\/www.fotonet.info\/wp-content\/uploads\/2022\/06\/Logo_Kwadrat.jpg","width":1181,"height":1181,"caption":"Fotonet"},"image":{"@id":"https:\/\/www.fotonet.info\/#\/schema\/logo\/image\/"},"sameAs":["https:\/\/www.facebook.com\/fotonettychy\/","https:\/\/www.instagram.com\/fotonet_tychy\/"]}]}},"_links":{"self":[{"href":"https:\/\/www.fotonet.info\/index.php?rest_route=\/wp\/v2\/pages\/1524","targetHints":{"allow":["GET"]}}],"collection":[{"href":"https:\/\/www.fotonet.info\/index.php?rest_route=\/wp\/v2\/pages"}],"about":[{"href":"https:\/\/www.fotonet.info\/index.php?rest_route=\/wp\/v2\/types\/page"}],"author":[{"embeddable":true,"href":"https:\/\/www.fotonet.info\/index.php?rest_route=\/wp\/v2\/users\/1"}],"replies":[{"embeddable":true,"href":"https:\/\/www.fotonet.info\/index.php?rest_route=%2Fwp%2Fv2%2Fcomments&post=1524"}],"version-history":[{"count":0,"href":"https:\/\/www.fotonet.info\/index.php?rest_route=\/wp\/v2\/pages\/1524\/revisions"}],"wp:attachment":[{"href":"https:\/\/www.fotonet.info\/index.php?rest_route=%2Fwp%2Fv2%2Fmedia&parent=1524"}],"curies":[{"name":"wp","href":"https:\/\/api.w.org\/{rel}","templated":true}]}}