{"id":1585,"date":"2021-11-04T13:22:22","date_gmt":"2021-11-04T13:22:22","guid":{"rendered":"https:\/\/www.fotonet.info?page_id=1585"},"modified":"2022-08-24T13:27:26","modified_gmt":"2022-08-24T13:27:26","slug":"druk-cyfrowy","status":"publish","type":"page","link":"https:\/\/www.fotonet.info\/?page_id=1585","title":{"rendered":"Druk Cyfrowy"},"content":{"rendered":"\n<hr class=\"wp-block-separator has-css-opacity is-style-wide animated fadeInLeft\"\/>\n\n\n\n<h1 class=\"alignfull has-text-align-center animated zoomIn has-text-color wp-block-heading\" style=\"color:#565656\">Druk Cyfrowy Arkuszowy<\/h1>\n\n\n\n<hr class=\"wp-block-separator has-css-opacity is-style-wide animated fadeInRight\"\/>\n\n\n\n<div style=\"height:50px\" aria-hidden=\"true\" class=\"wp-block-spacer\"><\/div>\n\n\n\n<div class=\"wp-block-columns is-layout-flex wp-container-core-columns-is-layout-9d6595d7 wp-block-columns-is-layout-flex\">\n<div class=\"wp-block-column animated fadeInLeftBig is-layout-flow wp-block-column-is-layout-flow\">\n<hr class=\"wp-block-separator has-text-color has-black-color has-css-opacity has-black-background-color has-background is-style-wide\"\/>\n\n\n\n<h3 class=\"has-text-align-center has-text-color has-background wp-block-heading\" style=\"background-color:#ffffff;color:#565656\">Formaty<\/h3>\n\n\n\n<hr class=\"wp-block-separator has-text-color has-black-color has-css-opacity has-black-background-color has-background is-style-wide\"\/>\n\n\n<div class=\"wp-block-image animated pulse\">\n<figure class=\"aligncenter size-full is-resized\"><a href=\"callto:+48510238968\"><img decoding=\"async\" data-src=\"https:\/\/www.fotonet.info\/wp-content\/uploads\/2021\/12\/Druk-1.jpg\" alt=\"\" class=\"wp-image-1826 lazyload\" width=\"960\" height=\"674\" data-srcset=\"https:\/\/www.fotonet.info\/wp-content\/uploads\/2021\/12\/Druk-1.jpg 1920w, https:\/\/www.fotonet.info\/wp-content\/uploads\/2021\/12\/Druk-1-300x211.jpg 300w, https:\/\/www.fotonet.info\/wp-content\/uploads\/2021\/12\/Druk-1-1024x719.jpg 1024w, https:\/\/www.fotonet.info\/wp-content\/uploads\/2021\/12\/Druk-1-768x539.jpg 768w, https:\/\/www.fotonet.info\/wp-content\/uploads\/2021\/12\/Druk-1-1536x1078.jpg 1536w\" data-sizes=\"(max-width: 960px) 100vw, 960px\" src=\"data:image\/svg+xml;base64,PHN2ZyB3aWR0aD0iMSIgaGVpZ2h0PSIxIiB4bWxucz0iaHR0cDovL3d3dy53My5vcmcvMjAwMC9zdmciPjwvc3ZnPg==\" style=\"--smush-placeholder-width: 960px; --smush-placeholder-aspect-ratio: 960\/674;\" \/><\/a><\/figure>\n<\/div>\n\n\n<p style=\"text-align: center;\"><strong>Gramatura papieru:<\/strong> 200g, 300g lub papier samoprzylepny<\/p>\n<p style=\"text-align: center;\"><strong>Formaty:<\/strong> A4 lub A3+<\/p>\n<p style=\"text-align: center;\"><strong>Rodzaj druku:<\/strong> 1 lub 2 stronny<\/p>\n<\/div>\n<\/div>\n\n\n\n<hr class=\"wp-block-separator has-css-opacity is-style-wide animated fadeInLeft\"\/>\n\n\n\n<h3 class=\"has-text-align-center animated fadeInUp has-text-color has-background wp-block-heading\" style=\"background-color:#ffffff;color:#565656\"><o-anim-typing>Introligatornia<\/o-anim-typing><\/h3>\n\n\n\n<hr class=\"wp-block-separator has-css-opacity is-style-wide animated fadeInRight\"\/>\n\n\n\n<div style=\"height:50px\" aria-hidden=\"true\" class=\"wp-block-spacer\"><\/div>\n\n\n\n<div class=\"wp-block-columns are-vertically-aligned-center is-layout-flex wp-container-core-columns-is-layout-9d6595d7 wp-block-columns-is-layout-flex\">\n<div class=\"wp-block-column is-layout-flow wp-block-column-is-layout-flow\" style=\"flex-basis:25%\"><\/div>\n\n\n\n<div class=\"wp-block-column is-vertically-aligned-center is-layout-flow wp-block-column-is-layout-flow\" style=\"flex-basis:16.66%\">\n<h3 style=\"text-align: center;\"><span style=\"font-family: Arial, Helvetica, sans-serif;\">Oferujemy u<span style=\"font-size: revert; color: initial;\">s\u0142ugi introligatorskie np.<br><strong>bigowanie, spiralowanie, bindowanie, laminowanie oraz oprawianie prac dyplomowych<\/strong><\/span><\/span><\/h3>\n<\/div>\n\n\n\n<div class=\"wp-block-column is-vertically-aligned-center is-layout-flow wp-block-column-is-layout-flow\" style=\"flex-basis:33.34%\">\n<figure class=\"wp-block-image size-full\"><img decoding=\"async\" width=\"678\" height=\"708\" data-src=\"https:\/\/www.fotonet.info\/wp-content\/uploads\/2021\/12\/Bindownica.png\" alt=\"\" class=\"wp-image-1817 lazyload\" data-srcset=\"https:\/\/www.fotonet.info\/wp-content\/uploads\/2021\/12\/Bindownica.png 678w, https:\/\/www.fotonet.info\/wp-content\/uploads\/2021\/12\/Bindownica-287x300.png 287w\" data-sizes=\"(max-width: 678px) 100vw, 678px\" src=\"data:image\/svg+xml;base64,PHN2ZyB3aWR0aD0iMSIgaGVpZ2h0PSIxIiB4bWxucz0iaHR0cDovL3d3dy53My5vcmcvMjAwMC9zdmciPjwvc3ZnPg==\" style=\"--smush-placeholder-width: 678px; --smush-placeholder-aspect-ratio: 678\/708;\" \/><\/figure>\n<\/div>\n\n\n\n<div class=\"wp-block-column is-layout-flow wp-block-column-is-layout-flow\" style=\"flex-basis:25%\"><\/div>\n<\/div>\n\n\n\n<div style=\"height:50px\" aria-hidden=\"true\" class=\"wp-block-spacer\"><\/div>\n\n\n\n<div class=\"wp-block-buttons is-layout-flex wp-block-buttons-is-layout-flex\">\n<div class=\"wp-block-button is-style-outline is-style-outline--1\"><a class=\"wp-block-button__link\" href=\"https:\/\/www.fotonet.info\">Wr\u00f3\u0107<\/a><\/div>\n<\/div>\n","protected":false},"excerpt":{"rendered":"<p>Druk Cyfrowy Arkuszowy Formaty Gramatura papieru: 200g, 300g lub papier samoprzylepny Formaty: A4 lub A3+ Rodzaj druku: 1 lub 2&hellip;<\/p>\n","protected":false},"author":1,"featured_media":0,"parent":0,"menu_order":0,"comment_status":"closed","ping_status":"closed","template":"","meta":{"footnotes":""},"class_list":["post-1585","page","type-page","status-publish","hentry"],"yoast_head":"<!-- This site is optimized with the Yoast SEO plugin v27.3 - https:\/\/yoast.com\/product\/yoast-seo-wordpress\/ -->\n<title>Druk Cyfrowy - Du\u017ce i ma\u0142e formaty - Tychy - \u015al\u0105sk<\/title>\n<meta name=\"description\" content=\"Wystawy fotograficzne, wywo\u0142ywanie zdj\u0119\u0107 oraz pe\u0142na gama foto-produkt\u00f3w! Zapraszamy do naszego sklepu w Tychach! + 48 510 238 968\" \/>\n<meta name=\"robots\" content=\"index, follow, max-snippet:-1, max-image-preview:large, max-video-preview:-1\" \/>\n<link rel=\"canonical\" href=\"https:\/\/www.fotonet.info\/?page_id=1585\" \/>\n<meta property=\"og:locale\" content=\"en_US\" \/>\n<meta property=\"og:type\" content=\"article\" \/>\n<meta property=\"og:title\" content=\"Druk Cyfrowy - Du\u017ce i ma\u0142e formaty - Tychy - \u015al\u0105sk\" \/>\n<meta property=\"og:description\" content=\"Wystawy fotograficzne, wywo\u0142ywanie zdj\u0119\u0107 oraz pe\u0142na gama foto-produkt\u00f3w! Zapraszamy do naszego sklepu w Tychach! + 48 510 238 968\" \/>\n<meta property=\"og:url\" content=\"https:\/\/www.fotonet.info\/?page_id=1585\" \/>\n<meta property=\"og:site_name\" content=\"Fotonet\" \/>\n<meta property=\"article:publisher\" content=\"https:\/\/www.facebook.com\/fotonettychy\/\" \/>\n<meta property=\"article:modified_time\" content=\"2022-08-24T13:27:26+00:00\" \/>\n<meta property=\"og:image\" content=\"https:\/\/www.fotonet.info\/wp-content\/uploads\/2021\/12\/Druk-1.jpg\" \/>\n<meta name=\"twitter:card\" content=\"summary_large_image\" \/>\n<meta name=\"twitter:label1\" content=\"Est. reading time\" \/>\n\t<meta name=\"twitter:data1\" content=\"1 minute\" \/>\n<script type=\"application\/ld+json\" class=\"yoast-schema-graph\">{\"@context\":\"https:\\\/\\\/schema.org\",\"@graph\":[{\"@type\":\"WebPage\",\"@id\":\"https:\\\/\\\/www.fotonet.info\\\/?page_id=1585\",\"url\":\"https:\\\/\\\/www.fotonet.info\\\/?page_id=1585\",\"name\":\"Druk Cyfrowy - Du\u017ce i ma\u0142e formaty - Tychy - \u015al\u0105sk\",\"isPartOf\":{\"@id\":\"https:\\\/\\\/www.fotonet.info\\\/#website\"},\"primaryImageOfPage\":{\"@id\":\"https:\\\/\\\/www.fotonet.info\\\/?page_id=1585#primaryimage\"},\"image\":{\"@id\":\"https:\\\/\\\/www.fotonet.info\\\/?page_id=1585#primaryimage\"},\"thumbnailUrl\":\"https:\\\/\\\/www.fotonet.info\\\/wp-content\\\/uploads\\\/2021\\\/12\\\/Druk-1.jpg\",\"datePublished\":\"2021-11-04T13:22:22+00:00\",\"dateModified\":\"2022-08-24T13:27:26+00:00\",\"description\":\"Wystawy fotograficzne, wywo\u0142ywanie zdj\u0119\u0107 oraz pe\u0142na gama foto-produkt\u00f3w! Zapraszamy do naszego sklepu w Tychach! + 48 510 238 968\",\"breadcrumb\":{\"@id\":\"https:\\\/\\\/www.fotonet.info\\\/?page_id=1585#breadcrumb\"},\"inLanguage\":\"en-US\",\"potentialAction\":[{\"@type\":\"ReadAction\",\"target\":[\"https:\\\/\\\/www.fotonet.info\\\/?page_id=1585\"]}]},{\"@type\":\"ImageObject\",\"inLanguage\":\"en-US\",\"@id\":\"https:\\\/\\\/www.fotonet.info\\\/?page_id=1585#primaryimage\",\"url\":\"https:\\\/\\\/www.fotonet.info\\\/wp-content\\\/uploads\\\/2021\\\/12\\\/Druk-1.jpg\",\"contentUrl\":\"https:\\\/\\\/www.fotonet.info\\\/wp-content\\\/uploads\\\/2021\\\/12\\\/Druk-1.jpg\",\"width\":1920,\"height\":1348},{\"@type\":\"BreadcrumbList\",\"@id\":\"https:\\\/\\\/www.fotonet.info\\\/?page_id=1585#breadcrumb\",\"itemListElement\":[{\"@type\":\"ListItem\",\"position\":1,\"name\":\"Home\",\"item\":\"https:\\\/\\\/www.fotonet.info\\\/\"},{\"@type\":\"ListItem\",\"position\":2,\"name\":\"Druk Cyfrowy\"}]},{\"@type\":\"WebSite\",\"@id\":\"https:\\\/\\\/www.fotonet.info\\\/#website\",\"url\":\"https:\\\/\\\/www.fotonet.info\\\/\",\"name\":\"Fotonet\",\"description\":\"Magia Druku i Fotografii\",\"publisher\":{\"@id\":\"https:\\\/\\\/www.fotonet.info\\\/#organization\"},\"potentialAction\":[{\"@type\":\"SearchAction\",\"target\":{\"@type\":\"EntryPoint\",\"urlTemplate\":\"https:\\\/\\\/www.fotonet.info\\\/?s={search_term_string}\"},\"query-input\":{\"@type\":\"PropertyValueSpecification\",\"valueRequired\":true,\"valueName\":\"search_term_string\"}}],\"inLanguage\":\"en-US\"},{\"@type\":\"Organization\",\"@id\":\"https:\\\/\\\/www.fotonet.info\\\/#organization\",\"name\":\"Fotonet\",\"url\":\"https:\\\/\\\/www.fotonet.info\\\/\",\"logo\":{\"@type\":\"ImageObject\",\"inLanguage\":\"en-US\",\"@id\":\"https:\\\/\\\/www.fotonet.info\\\/#\\\/schema\\\/logo\\\/image\\\/\",\"url\":\"https:\\\/\\\/www.fotonet.info\\\/wp-content\\\/uploads\\\/2022\\\/06\\\/Logo_Kwadrat.jpg\",\"contentUrl\":\"https:\\\/\\\/www.fotonet.info\\\/wp-content\\\/uploads\\\/2022\\\/06\\\/Logo_Kwadrat.jpg\",\"width\":1181,\"height\":1181,\"caption\":\"Fotonet\"},\"image\":{\"@id\":\"https:\\\/\\\/www.fotonet.info\\\/#\\\/schema\\\/logo\\\/image\\\/\"},\"sameAs\":[\"https:\\\/\\\/www.facebook.com\\\/fotonettychy\\\/\",\"https:\\\/\\\/www.instagram.com\\\/fotonet_tychy\\\/\"]}]}<\/script>\n<!-- \/ Yoast SEO plugin. -->","yoast_head_json":{"title":"Druk Cyfrowy - Du\u017ce i ma\u0142e formaty - Tychy - \u015al\u0105sk","description":"Wystawy fotograficzne, wywo\u0142ywanie zdj\u0119\u0107 oraz pe\u0142na gama foto-produkt\u00f3w! Zapraszamy do naszego sklepu w Tychach! + 48 510 238 968","robots":{"index":"index","follow":"follow","max-snippet":"max-snippet:-1","max-image-preview":"max-image-preview:large","max-video-preview":"max-video-preview:-1"},"canonical":"https:\/\/www.fotonet.info\/?page_id=1585","og_locale":"en_US","og_type":"article","og_title":"Druk Cyfrowy - Du\u017ce i ma\u0142e formaty - Tychy - \u015al\u0105sk","og_description":"Wystawy fotograficzne, wywo\u0142ywanie zdj\u0119\u0107 oraz pe\u0142na gama foto-produkt\u00f3w! Zapraszamy do naszego sklepu w Tychach! + 48 510 238 968","og_url":"https:\/\/www.fotonet.info\/?page_id=1585","og_site_name":"Fotonet","article_publisher":"https:\/\/www.facebook.com\/fotonettychy\/","article_modified_time":"2022-08-24T13:27:26+00:00","og_image":[{"url":"https:\/\/www.fotonet.info\/wp-content\/uploads\/2021\/12\/Druk-1.jpg","type":"","width":"","height":""}],"twitter_card":"summary_large_image","twitter_misc":{"Est. reading time":"1 minute"},"schema":{"@context":"https:\/\/schema.org","@graph":[{"@type":"WebPage","@id":"https:\/\/www.fotonet.info\/?page_id=1585","url":"https:\/\/www.fotonet.info\/?page_id=1585","name":"Druk Cyfrowy - Du\u017ce i ma\u0142e formaty - Tychy - \u015al\u0105sk","isPartOf":{"@id":"https:\/\/www.fotonet.info\/#website"},"primaryImageOfPage":{"@id":"https:\/\/www.fotonet.info\/?page_id=1585#primaryimage"},"image":{"@id":"https:\/\/www.fotonet.info\/?page_id=1585#primaryimage"},"thumbnailUrl":"https:\/\/www.fotonet.info\/wp-content\/uploads\/2021\/12\/Druk-1.jpg","datePublished":"2021-11-04T13:22:22+00:00","dateModified":"2022-08-24T13:27:26+00:00","description":"Wystawy fotograficzne, wywo\u0142ywanie zdj\u0119\u0107 oraz pe\u0142na gama foto-produkt\u00f3w! Zapraszamy do naszego sklepu w Tychach! + 48 510 238 968","breadcrumb":{"@id":"https:\/\/www.fotonet.info\/?page_id=1585#breadcrumb"},"inLanguage":"en-US","potentialAction":[{"@type":"ReadAction","target":["https:\/\/www.fotonet.info\/?page_id=1585"]}]},{"@type":"ImageObject","inLanguage":"en-US","@id":"https:\/\/www.fotonet.info\/?page_id=1585#primaryimage","url":"https:\/\/www.fotonet.info\/wp-content\/uploads\/2021\/12\/Druk-1.jpg","contentUrl":"https:\/\/www.fotonet.info\/wp-content\/uploads\/2021\/12\/Druk-1.jpg","width":1920,"height":1348},{"@type":"BreadcrumbList","@id":"https:\/\/www.fotonet.info\/?page_id=1585#breadcrumb","itemListElement":[{"@type":"ListItem","position":1,"name":"Home","item":"https:\/\/www.fotonet.info\/"},{"@type":"ListItem","position":2,"name":"Druk Cyfrowy"}]},{"@type":"WebSite","@id":"https:\/\/www.fotonet.info\/#website","url":"https:\/\/www.fotonet.info\/","name":"Fotonet","description":"Magia Druku i Fotografii","publisher":{"@id":"https:\/\/www.fotonet.info\/#organization"},"potentialAction":[{"@type":"SearchAction","target":{"@type":"EntryPoint","urlTemplate":"https:\/\/www.fotonet.info\/?s={search_term_string}"},"query-input":{"@type":"PropertyValueSpecification","valueRequired":true,"valueName":"search_term_string"}}],"inLanguage":"en-US"},{"@type":"Organization","@id":"https:\/\/www.fotonet.info\/#organization","name":"Fotonet","url":"https:\/\/www.fotonet.info\/","logo":{"@type":"ImageObject","inLanguage":"en-US","@id":"https:\/\/www.fotonet.info\/#\/schema\/logo\/image\/","url":"https:\/\/www.fotonet.info\/wp-content\/uploads\/2022\/06\/Logo_Kwadrat.jpg","contentUrl":"https:\/\/www.fotonet.info\/wp-content\/uploads\/2022\/06\/Logo_Kwadrat.jpg","width":1181,"height":1181,"caption":"Fotonet"},"image":{"@id":"https:\/\/www.fotonet.info\/#\/schema\/logo\/image\/"},"sameAs":["https:\/\/www.facebook.com\/fotonettychy\/","https:\/\/www.instagram.com\/fotonet_tychy\/"]}]}},"_links":{"self":[{"href":"https:\/\/www.fotonet.info\/index.php?rest_route=\/wp\/v2\/pages\/1585","targetHints":{"allow":["GET"]}}],"collection":[{"href":"https:\/\/www.fotonet.info\/index.php?rest_route=\/wp\/v2\/pages"}],"about":[{"href":"https:\/\/www.fotonet.info\/index.php?rest_route=\/wp\/v2\/types\/page"}],"author":[{"embeddable":true,"href":"https:\/\/www.fotonet.info\/index.php?rest_route=\/wp\/v2\/users\/1"}],"replies":[{"embeddable":true,"href":"https:\/\/www.fotonet.info\/index.php?rest_route=%2Fwp%2Fv2%2Fcomments&post=1585"}],"version-history":[{"count":0,"href":"https:\/\/www.fotonet.info\/index.php?rest_route=\/wp\/v2\/pages\/1585\/revisions"}],"wp:attachment":[{"href":"https:\/\/www.fotonet.info\/index.php?rest_route=%2Fwp%2Fv2%2Fmedia&parent=1585"}],"curies":[{"name":"wp","href":"https:\/\/api.w.org\/{rel}","templated":true}]}}