{"id":1597,"date":"2021-11-04T13:34:32","date_gmt":"2021-11-04T13:34:32","guid":{"rendered":"https:\/\/www.fotonet.info?page_id=1597"},"modified":"2022-08-24T13:29:28","modified_gmt":"2022-08-24T13:29:28","slug":"poligrafia-2","status":"publish","type":"page","link":"https:\/\/www.fotonet.info\/?page_id=1597","title":{"rendered":"Poligrafia"},"content":{"rendered":"\n<div style=\"height:20px\" aria-hidden=\"true\" class=\"wp-block-spacer\"><\/div>\n\n\n\n<hr class=\"wp-block-separator has-text-color has-black-color has-css-opacity has-black-background-color has-background animated fadeInLeft is-style-wide\"\/>\n\n\n\n<h1 class=\"alignfull has-text-align-center animated zoomIn has-text-color wp-block-heading\" style=\"color:#565656\">Poligrafia<\/h1>\n\n\n\n<hr class=\"wp-block-separator has-text-color has-black-color has-css-opacity has-black-background-color has-background animated fadeInRight is-style-wide\"\/>\n\n\n\n<div style=\"height:50px\" aria-hidden=\"true\" class=\"wp-block-spacer\"><\/div>\n\n\n\n<div class=\"wp-block-columns are-vertically-aligned-top is-layout-flex wp-container-core-columns-is-layout-9d6595d7 wp-block-columns-is-layout-flex\">\n<div class=\"wp-block-column is-vertically-aligned-top is-layout-flow wp-block-column-is-layout-flow\">\n<h2 class=\"has-text-align-center wp-block-heading\">Etui na CD<\/h2>\n\n\n<div class=\"wp-block-image\">\n<figure class=\"aligncenter size-full\"><img decoding=\"async\" width=\"394\" height=\"394\" data-src=\"https:\/\/www.fotonet.infowp-content\/uploads\/2021\/12\/Etui-na-CD.png\" alt=\"\" class=\"wp-image-1853 lazyload\" data-srcset=\"https:\/\/www.fotonet.info\/wp-content\/uploads\/2021\/12\/Etui-na-CD.png 394w, https:\/\/www.fotonet.info\/wp-content\/uploads\/2021\/12\/Etui-na-CD-300x300.png 300w, https:\/\/www.fotonet.info\/wp-content\/uploads\/2021\/12\/Etui-na-CD-150x150.png 150w\" data-sizes=\"(max-width: 394px) 100vw, 394px\" src=\"data:image\/svg+xml;base64,PHN2ZyB3aWR0aD0iMSIgaGVpZ2h0PSIxIiB4bWxucz0iaHR0cDovL3d3dy53My5vcmcvMjAwMC9zdmciPjwvc3ZnPg==\" style=\"--smush-placeholder-width: 394px; --smush-placeholder-aspect-ratio: 394\/394;\" \/><\/figure>\n<\/div><\/div>\n\n\n\n<div class=\"wp-block-column is-vertically-aligned-top is-layout-flow wp-block-column-is-layout-flow\">\n<h2 class=\"has-text-align-center wp-block-heading\">Wizyt\u00f3wki<\/h2>\n\n\n<div class=\"wp-block-image\">\n<figure class=\"aligncenter size-full\"><img decoding=\"async\" width=\"394\" height=\"394\" data-src=\"https:\/\/www.fotonet.infowp-content\/uploads\/2021\/12\/Wizytowka2-copy.png\" alt=\"\" class=\"wp-image-1888 lazyload\" data-srcset=\"https:\/\/www.fotonet.info\/wp-content\/uploads\/2021\/12\/Wizytowka2-copy.png 394w, https:\/\/www.fotonet.info\/wp-content\/uploads\/2021\/12\/Wizytowka2-copy-300x300.png 300w, https:\/\/www.fotonet.info\/wp-content\/uploads\/2021\/12\/Wizytowka2-copy-150x150.png 150w\" data-sizes=\"(max-width: 394px) 100vw, 394px\" src=\"data:image\/svg+xml;base64,PHN2ZyB3aWR0aD0iMSIgaGVpZ2h0PSIxIiB4bWxucz0iaHR0cDovL3d3dy53My5vcmcvMjAwMC9zdmciPjwvc3ZnPg==\" style=\"--smush-placeholder-width: 394px; --smush-placeholder-aspect-ratio: 394\/394;\" \/><\/figure>\n<\/div>\n\n\n<p style=\"text-align: center;\">Format 8,5&#215;5,5 cm, papier 300g\/m2, kreda mat lub b\u0142ysk<\/p>\n<\/div>\n\n\n\n<div class=\"wp-block-column is-vertically-aligned-top is-layout-flow wp-block-column-is-layout-flow\">\n<h2 class=\"has-text-align-center wp-block-heading\">Bileciki<\/h2>\n\n\n<div class=\"wp-block-image\">\n<figure class=\"aligncenter size-full\"><img decoding=\"async\" width=\"394\" height=\"394\" data-src=\"https:\/\/www.fotonet.infowp-content\/uploads\/2021\/12\/Bilecik.png\" alt=\"\" class=\"wp-image-1855 lazyload\" data-srcset=\"https:\/\/www.fotonet.info\/wp-content\/uploads\/2021\/12\/Bilecik.png 394w, https:\/\/www.fotonet.info\/wp-content\/uploads\/2021\/12\/Bilecik-300x300.png 300w, https:\/\/www.fotonet.info\/wp-content\/uploads\/2021\/12\/Bilecik-150x150.png 150w\" data-sizes=\"(max-width: 394px) 100vw, 394px\" src=\"data:image\/svg+xml;base64,PHN2ZyB3aWR0aD0iMSIgaGVpZ2h0PSIxIiB4bWxucz0iaHR0cDovL3d3dy53My5vcmcvMjAwMC9zdmciPjwvc3ZnPg==\" style=\"--smush-placeholder-width: 394px; --smush-placeholder-aspect-ratio: 394\/394;\" \/><\/figure>\n<\/div>\n\n\n<p>Format 9&#215;5 cm, papier 300g\/m2, papier bia\u0142y lub ozdobny<\/p>\n<\/div>\n<\/div>\n\n\n\n<div class=\"wp-block-columns are-vertically-aligned-top is-layout-flex wp-container-core-columns-is-layout-9d6595d7 wp-block-columns-is-layout-flex\">\n<div class=\"wp-block-column is-vertically-aligned-top is-layout-flow wp-block-column-is-layout-flow\">\n<h2 class=\"has-text-align-center wp-block-heading\">Ok\u0142adka typu Jamnik<\/h2>\n\n\n<div class=\"wp-block-image\">\n<figure class=\"aligncenter size-full\"><img decoding=\"async\" width=\"394\" height=\"394\" data-src=\"https:\/\/www.fotonet.infowp-content\/uploads\/2021\/12\/Jamnik.png\" alt=\"\" class=\"wp-image-1857 lazyload\" data-srcset=\"https:\/\/www.fotonet.info\/wp-content\/uploads\/2021\/12\/Jamnik.png 394w, https:\/\/www.fotonet.info\/wp-content\/uploads\/2021\/12\/Jamnik-300x300.png 300w, https:\/\/www.fotonet.info\/wp-content\/uploads\/2021\/12\/Jamnik-150x150.png 150w\" data-sizes=\"(max-width: 394px) 100vw, 394px\" src=\"data:image\/svg+xml;base64,PHN2ZyB3aWR0aD0iMSIgaGVpZ2h0PSIxIiB4bWxucz0iaHR0cDovL3d3dy53My5vcmcvMjAwMC9zdmciPjwvc3ZnPg==\" style=\"--smush-placeholder-width: 394px; --smush-placeholder-aspect-ratio: 394\/394;\" \/><\/figure>\n<\/div>\n\n\n<p style=\"text-align: center;\">Format 15&#215;21 lub 13&#215;18<\/p>\n<\/div>\n\n\n\n<div class=\"wp-block-column is-vertically-aligned-top is-layout-flow wp-block-column-is-layout-flow\">\n<h2 class=\"has-text-align-center wp-block-heading\">Poczt\u00f3wka<\/h2>\n\n\n<div class=\"wp-block-image\">\n<figure class=\"aligncenter size-full\"><img decoding=\"async\" width=\"394\" height=\"394\" data-src=\"https:\/\/www.fotonet.infowp-content\/uploads\/2021\/12\/Poczto\u0301wka.png\" alt=\"\" class=\"wp-image-1858 lazyload\" data-srcset=\"https:\/\/www.fotonet.info\/wp-content\/uploads\/2021\/12\/Poczto\u0301wka.png 394w, https:\/\/www.fotonet.info\/wp-content\/uploads\/2021\/12\/Poczto\u0301wka-300x300.png 300w, https:\/\/www.fotonet.info\/wp-content\/uploads\/2021\/12\/Poczto\u0301wka-150x150.png 150w\" data-sizes=\"(max-width: 394px) 100vw, 394px\" src=\"data:image\/svg+xml;base64,PHN2ZyB3aWR0aD0iMSIgaGVpZ2h0PSIxIiB4bWxucz0iaHR0cDovL3d3dy53My5vcmcvMjAwMC9zdmciPjwvc3ZnPg==\" style=\"--smush-placeholder-width: 394px; --smush-placeholder-aspect-ratio: 394\/394;\" \/><\/figure>\n<\/div>\n\n\n<p style=\"text-align: center;\">Format 10&#215;15 cm, papier 300g\/m2, nadruk dwustronny<\/p>\n<\/div>\n\n\n\n<div class=\"wp-block-column is-vertically-aligned-top is-layout-flow wp-block-column-is-layout-flow\">\n<h2 class=\"has-text-align-center wp-block-heading\">Zaproszenie<\/h2>\n\n\n<div class=\"wp-block-image\">\n<figure class=\"aligncenter size-full\"><img decoding=\"async\" width=\"394\" height=\"394\" data-src=\"https:\/\/www.fotonet.infowp-content\/uploads\/2021\/12\/Zaproszenie.png\" alt=\"\" class=\"wp-image-1859 lazyload\" data-srcset=\"https:\/\/www.fotonet.info\/wp-content\/uploads\/2021\/12\/Zaproszenie.png 394w, https:\/\/www.fotonet.info\/wp-content\/uploads\/2021\/12\/Zaproszenie-300x300.png 300w, https:\/\/www.fotonet.info\/wp-content\/uploads\/2021\/12\/Zaproszenie-150x150.png 150w\" data-sizes=\"(max-width: 394px) 100vw, 394px\" src=\"data:image\/svg+xml;base64,PHN2ZyB3aWR0aD0iMSIgaGVpZ2h0PSIxIiB4bWxucz0iaHR0cDovL3d3dy53My5vcmcvMjAwMC9zdmciPjwvc3ZnPg==\" style=\"--smush-placeholder-width: 394px; --smush-placeholder-aspect-ratio: 394\/394;\" \/><\/figure>\n<\/div>\n\n\n<p>Formaty 10&#215;20, 10&#215;15, 15&#215;10, 15&#215;20, papier 300g\/m2, bia\u0142y lub ozdobny<\/p>\n<\/div>\n<\/div>\n\n\n\n<div class=\"wp-block-columns is-layout-flex wp-container-core-columns-is-layout-9d6595d7 wp-block-columns-is-layout-flex\">\n<div class=\"wp-block-column is-vertically-aligned-top is-layout-flow wp-block-column-is-layout-flow\">\n<h2 class=\"has-text-align-center wp-block-heading\">Kartka okoliczno\u015bciowa<\/h2>\n\n\n<div class=\"wp-block-image\">\n<figure class=\"aligncenter size-full\"><img decoding=\"async\" width=\"394\" height=\"394\" data-src=\"https:\/\/www.fotonet.infowp-content\/uploads\/2021\/12\/Walentynki.png\" alt=\"\" class=\"wp-image-1883 lazyload\" data-srcset=\"https:\/\/www.fotonet.info\/wp-content\/uploads\/2021\/12\/Walentynki.png 394w, https:\/\/www.fotonet.info\/wp-content\/uploads\/2021\/12\/Walentynki-300x300.png 300w, https:\/\/www.fotonet.info\/wp-content\/uploads\/2021\/12\/Walentynki-150x150.png 150w\" data-sizes=\"(max-width: 394px) 100vw, 394px\" src=\"data:image\/svg+xml;base64,PHN2ZyB3aWR0aD0iMSIgaGVpZ2h0PSIxIiB4bWxucz0iaHR0cDovL3d3dy53My5vcmcvMjAwMC9zdmciPjwvc3ZnPg==\" style=\"--smush-placeholder-width: 394px; --smush-placeholder-aspect-ratio: 394\/394;\" \/><\/figure>\n<\/div>\n\n\n<p style=\"text-align: center;\">Format 10&#215;30 lub 20&#215;15<\/p>\n<\/div>\n\n\n\n<div class=\"wp-block-column is-vertically-aligned-top is-layout-flow wp-block-column-is-layout-flow\">\n<h2 class=\"has-text-align-center wp-block-heading\">Super kartka<\/h2>\n\n\n<div class=\"wp-block-image\">\n<figure class=\"aligncenter size-full\"><img decoding=\"async\" width=\"394\" height=\"394\" data-src=\"https:\/\/www.fotonet.infowp-content\/uploads\/2021\/12\/Super-Kartka.png\" alt=\"\" class=\"wp-image-1861 lazyload\" data-srcset=\"https:\/\/www.fotonet.info\/wp-content\/uploads\/2021\/12\/Super-Kartka.png 394w, https:\/\/www.fotonet.info\/wp-content\/uploads\/2021\/12\/Super-Kartka-300x300.png 300w, https:\/\/www.fotonet.info\/wp-content\/uploads\/2021\/12\/Super-Kartka-150x150.png 150w\" data-sizes=\"(max-width: 394px) 100vw, 394px\" src=\"data:image\/svg+xml;base64,PHN2ZyB3aWR0aD0iMSIgaGVpZ2h0PSIxIiB4bWxucz0iaHR0cDovL3d3dy53My5vcmcvMjAwMC9zdmciPjwvc3ZnPg==\" style=\"--smush-placeholder-width: 394px; --smush-placeholder-aspect-ratio: 394\/394;\" \/><\/figure>\n<\/div>\n\n\n<p style=\"text-align: center;\">Format 30&#215;40<\/p>\n<\/div>\n\n\n\n<div class=\"wp-block-column is-vertically-aligned-top is-layout-flow wp-block-column-is-layout-flow\">\n<h2 class=\"has-text-align-center wp-block-heading\">Zeszyt<\/h2>\n\n\n<div class=\"wp-block-image\">\n<figure class=\"aligncenter size-full\"><img decoding=\"async\" width=\"394\" height=\"394\" data-src=\"https:\/\/www.fotonet.infowp-content\/uploads\/2021\/12\/Zeszyt.png\" alt=\"\" class=\"wp-image-1863 lazyload\" data-srcset=\"https:\/\/www.fotonet.info\/wp-content\/uploads\/2021\/12\/Zeszyt.png 394w, https:\/\/www.fotonet.info\/wp-content\/uploads\/2021\/12\/Zeszyt-300x300.png 300w, https:\/\/www.fotonet.info\/wp-content\/uploads\/2021\/12\/Zeszyt-150x150.png 150w\" data-sizes=\"(max-width: 394px) 100vw, 394px\" src=\"data:image\/svg+xml;base64,PHN2ZyB3aWR0aD0iMSIgaGVpZ2h0PSIxIiB4bWxucz0iaHR0cDovL3d3dy53My5vcmcvMjAwMC9zdmciPjwvc3ZnPg==\" style=\"--smush-placeholder-width: 394px; --smush-placeholder-aspect-ratio: 394\/394;\" \/><\/figure>\n<\/div>\n\n\n<p>Format 15&#215;21, klejona, 60 kartek w kratk\u0119, lini\u0119 lub g\u0142adkie. Ok\u0142adka twarda lub mi\u0119kka laminowana.&nbsp;<\/p>\n<p>Format 21&#215;29,7 cm, klejona, 96 kartek w kratk\u0119, lini\u0119 lub g\u0142adkie. Ok\u0142adka twarda lub mi\u0119kka laminowana.&nbsp;<\/p>\n<\/div>\n\n\n\n<div class=\"wp-block-column is-vertically-aligned-top is-layout-flow wp-block-column-is-layout-flow\">\n<h2 class=\"has-text-align-center wp-block-heading\">Pami\u0119tnik<\/h2>\n\n\n\n<figure class=\"wp-block-image size-full\"><img decoding=\"async\" width=\"394\" height=\"394\" data-src=\"https:\/\/www.fotonet.infowp-content\/uploads\/2021\/12\/Pamie\u0328tnik.png\" alt=\"\" class=\"wp-image-1862 lazyload\" data-srcset=\"https:\/\/www.fotonet.info\/wp-content\/uploads\/2021\/12\/Pamie\u0328tnik.png 394w, https:\/\/www.fotonet.info\/wp-content\/uploads\/2021\/12\/Pamie\u0328tnik-300x300.png 300w, https:\/\/www.fotonet.info\/wp-content\/uploads\/2021\/12\/Pamie\u0328tnik-150x150.png 150w\" data-sizes=\"(max-width: 394px) 100vw, 394px\" src=\"data:image\/svg+xml;base64,PHN2ZyB3aWR0aD0iMSIgaGVpZ2h0PSIxIiB4bWxucz0iaHR0cDovL3d3dy53My5vcmcvMjAwMC9zdmciPjwvc3ZnPg==\" style=\"--smush-placeholder-width: 394px; --smush-placeholder-aspect-ratio: 394\/394;\" \/><\/figure>\n\n\n\n<p>Spiralowany, ok\u0142adka 300g\/m2, laminowany dwustronnie, 25 stron o gramaturze 160g\/m2<\/p>\n<\/div>\n<\/div>\n\n\n\n<div style=\"height:20px\" aria-hidden=\"true\" class=\"wp-block-spacer\"><\/div>\n\n\n\n<hr class=\"wp-block-separator has-css-opacity is-style-wide\"\/>\n\n\n<h4 style=\"text-align: center;\"><strong>Nasi graficy s\u0105 do Twojej dyspozycji! Zadzwo\u0144 i <span style=\"color: #ff0000;\">zam\u00f3w wykonanie projektu:<\/span> <a href=\"callto:+48510238968\">+48 510 238 968<\/a><\/strong><\/h4>\n\n\n<hr class=\"wp-block-separator has-css-opacity is-style-wide\"\/>\n\n\n\n<div style=\"height:50px\" aria-hidden=\"true\" class=\"wp-block-spacer\"><\/div>\n\n\n\n<div class=\"wp-block-buttons is-layout-flex wp-block-buttons-is-layout-flex\">\n<div class=\"wp-block-button is-style-outline is-style-outline--1\"><a class=\"wp-block-button__link has-black-color has-text-color\" href=\"https:\/\/www.fotonet.info\">Wr\u00f3\u0107<\/a><\/div>\n<\/div>\n\n\n\n<p><\/p>\n\n\n\n<p><\/p>\n","protected":false},"excerpt":{"rendered":"<p>Poligrafia Etui na CD Wizyt\u00f3wki Format 8,5&#215;5,5 cm, papier 300g\/m2, kreda mat lub b\u0142ysk Bileciki Format 9&#215;5 cm, papier 300g\/m2,&hellip;<\/p>\n","protected":false},"author":1,"featured_media":0,"parent":0,"menu_order":0,"comment_status":"closed","ping_status":"closed","template":"","meta":{"footnotes":""},"class_list":["post-1597","page","type-page","status-publish","hentry"],"yoast_head":"<!-- This site is optimized with the Yoast SEO plugin v27.4 - https:\/\/yoast.com\/product\/yoast-seo-wordpress\/ -->\n<title>Poligrafia - Druk - Projekty - Tychy - \u015al\u0105sk<\/title>\n<meta name=\"description\" content=\"Wystawy fotograficzne, wywo\u0142ywanie zdj\u0119\u0107 oraz pe\u0142na gama foto-produkt\u00f3w! Zapraszamy do naszego sklepu w Tychach! + 48 510 238 968\" \/>\n<meta name=\"robots\" content=\"index, follow, max-snippet:-1, max-image-preview:large, max-video-preview:-1\" \/>\n<link rel=\"canonical\" href=\"https:\/\/www.fotonet.info\/?page_id=1597\" \/>\n<meta property=\"og:locale\" content=\"en_US\" \/>\n<meta property=\"og:type\" content=\"article\" \/>\n<meta property=\"og:title\" content=\"Poligrafia - Druk - Projekty - Tychy - \u015al\u0105sk\" \/>\n<meta property=\"og:description\" content=\"Wystawy fotograficzne, wywo\u0142ywanie zdj\u0119\u0107 oraz pe\u0142na gama foto-produkt\u00f3w! Zapraszamy do naszego sklepu w Tychach! + 48 510 238 968\" \/>\n<meta property=\"og:url\" content=\"https:\/\/www.fotonet.info\/?page_id=1597\" \/>\n<meta property=\"og:site_name\" content=\"Fotonet\" \/>\n<meta property=\"article:publisher\" content=\"https:\/\/www.facebook.com\/fotonettychy\/\" \/>\n<meta property=\"article:modified_time\" content=\"2022-08-24T13:29:28+00:00\" \/>\n<meta property=\"og:image\" content=\"https:\/\/www.fotonet.infowp-content\/uploads\/2021\/12\/Etui-na-CD.png\" \/>\n<meta name=\"twitter:card\" content=\"summary_large_image\" \/>\n<meta name=\"twitter:label1\" content=\"Est. reading time\" \/>\n\t<meta name=\"twitter:data1\" content=\"3 minutes\" \/>\n<script type=\"application\/ld+json\" class=\"yoast-schema-graph\">{\"@context\":\"https:\\\/\\\/schema.org\",\"@graph\":[{\"@type\":\"WebPage\",\"@id\":\"https:\\\/\\\/www.fotonet.info\\\/?page_id=1597\",\"url\":\"https:\\\/\\\/www.fotonet.info\\\/?page_id=1597\",\"name\":\"Poligrafia - Druk - Projekty - Tychy - \u015al\u0105sk\",\"isPartOf\":{\"@id\":\"https:\\\/\\\/www.fotonet.info\\\/#website\"},\"primaryImageOfPage\":{\"@id\":\"https:\\\/\\\/www.fotonet.info\\\/?page_id=1597#primaryimage\"},\"image\":{\"@id\":\"https:\\\/\\\/www.fotonet.info\\\/?page_id=1597#primaryimage\"},\"thumbnailUrl\":\"https:\\\/\\\/www.fotonet.infowp-content\\\/uploads\\\/2021\\\/12\\\/Etui-na-CD.png\",\"datePublished\":\"2021-11-04T13:34:32+00:00\",\"dateModified\":\"2022-08-24T13:29:28+00:00\",\"description\":\"Wystawy fotograficzne, wywo\u0142ywanie zdj\u0119\u0107 oraz pe\u0142na gama foto-produkt\u00f3w! Zapraszamy do naszego sklepu w Tychach! + 48 510 238 968\",\"breadcrumb\":{\"@id\":\"https:\\\/\\\/www.fotonet.info\\\/?page_id=1597#breadcrumb\"},\"inLanguage\":\"en-US\",\"potentialAction\":[{\"@type\":\"ReadAction\",\"target\":[\"https:\\\/\\\/www.fotonet.info\\\/?page_id=1597\"]}]},{\"@type\":\"ImageObject\",\"inLanguage\":\"en-US\",\"@id\":\"https:\\\/\\\/www.fotonet.info\\\/?page_id=1597#primaryimage\",\"url\":\"https:\\\/\\\/www.fotonet.infowp-content\\\/uploads\\\/2021\\\/12\\\/Etui-na-CD.png\",\"contentUrl\":\"https:\\\/\\\/www.fotonet.infowp-content\\\/uploads\\\/2021\\\/12\\\/Etui-na-CD.png\"},{\"@type\":\"BreadcrumbList\",\"@id\":\"https:\\\/\\\/www.fotonet.info\\\/?page_id=1597#breadcrumb\",\"itemListElement\":[{\"@type\":\"ListItem\",\"position\":1,\"name\":\"Home\",\"item\":\"https:\\\/\\\/www.fotonet.info\\\/\"},{\"@type\":\"ListItem\",\"position\":2,\"name\":\"Poligrafia\"}]},{\"@type\":\"WebSite\",\"@id\":\"https:\\\/\\\/www.fotonet.info\\\/#website\",\"url\":\"https:\\\/\\\/www.fotonet.info\\\/\",\"name\":\"Fotonet\",\"description\":\"Magia Druku i Fotografii\",\"publisher\":{\"@id\":\"https:\\\/\\\/www.fotonet.info\\\/#organization\"},\"potentialAction\":[{\"@type\":\"SearchAction\",\"target\":{\"@type\":\"EntryPoint\",\"urlTemplate\":\"https:\\\/\\\/www.fotonet.info\\\/?s={search_term_string}\"},\"query-input\":{\"@type\":\"PropertyValueSpecification\",\"valueRequired\":true,\"valueName\":\"search_term_string\"}}],\"inLanguage\":\"en-US\"},{\"@type\":\"Organization\",\"@id\":\"https:\\\/\\\/www.fotonet.info\\\/#organization\",\"name\":\"Fotonet\",\"url\":\"https:\\\/\\\/www.fotonet.info\\\/\",\"logo\":{\"@type\":\"ImageObject\",\"inLanguage\":\"en-US\",\"@id\":\"https:\\\/\\\/www.fotonet.info\\\/#\\\/schema\\\/logo\\\/image\\\/\",\"url\":\"https:\\\/\\\/www.fotonet.info\\\/wp-content\\\/uploads\\\/2022\\\/06\\\/Logo_Kwadrat.jpg\",\"contentUrl\":\"https:\\\/\\\/www.fotonet.info\\\/wp-content\\\/uploads\\\/2022\\\/06\\\/Logo_Kwadrat.jpg\",\"width\":1181,\"height\":1181,\"caption\":\"Fotonet\"},\"image\":{\"@id\":\"https:\\\/\\\/www.fotonet.info\\\/#\\\/schema\\\/logo\\\/image\\\/\"},\"sameAs\":[\"https:\\\/\\\/www.facebook.com\\\/fotonettychy\\\/\",\"https:\\\/\\\/www.instagram.com\\\/fotonet_tychy\\\/\"]}]}<\/script>\n<!-- \/ Yoast SEO plugin. -->","yoast_head_json":{"title":"Poligrafia - Druk - Projekty - Tychy - \u015al\u0105sk","description":"Wystawy fotograficzne, wywo\u0142ywanie zdj\u0119\u0107 oraz pe\u0142na gama foto-produkt\u00f3w! Zapraszamy do naszego sklepu w Tychach! + 48 510 238 968","robots":{"index":"index","follow":"follow","max-snippet":"max-snippet:-1","max-image-preview":"max-image-preview:large","max-video-preview":"max-video-preview:-1"},"canonical":"https:\/\/www.fotonet.info\/?page_id=1597","og_locale":"en_US","og_type":"article","og_title":"Poligrafia - Druk - Projekty - Tychy - \u015al\u0105sk","og_description":"Wystawy fotograficzne, wywo\u0142ywanie zdj\u0119\u0107 oraz pe\u0142na gama foto-produkt\u00f3w! Zapraszamy do naszego sklepu w Tychach! + 48 510 238 968","og_url":"https:\/\/www.fotonet.info\/?page_id=1597","og_site_name":"Fotonet","article_publisher":"https:\/\/www.facebook.com\/fotonettychy\/","article_modified_time":"2022-08-24T13:29:28+00:00","og_image":[{"url":"https:\/\/www.fotonet.infowp-content\/uploads\/2021\/12\/Etui-na-CD.png","type":"","width":"","height":""}],"twitter_card":"summary_large_image","twitter_misc":{"Est. reading time":"3 minutes"},"schema":{"@context":"https:\/\/schema.org","@graph":[{"@type":"WebPage","@id":"https:\/\/www.fotonet.info\/?page_id=1597","url":"https:\/\/www.fotonet.info\/?page_id=1597","name":"Poligrafia - Druk - Projekty - Tychy - \u015al\u0105sk","isPartOf":{"@id":"https:\/\/www.fotonet.info\/#website"},"primaryImageOfPage":{"@id":"https:\/\/www.fotonet.info\/?page_id=1597#primaryimage"},"image":{"@id":"https:\/\/www.fotonet.info\/?page_id=1597#primaryimage"},"thumbnailUrl":"https:\/\/www.fotonet.infowp-content\/uploads\/2021\/12\/Etui-na-CD.png","datePublished":"2021-11-04T13:34:32+00:00","dateModified":"2022-08-24T13:29:28+00:00","description":"Wystawy fotograficzne, wywo\u0142ywanie zdj\u0119\u0107 oraz pe\u0142na gama foto-produkt\u00f3w! Zapraszamy do naszego sklepu w Tychach! + 48 510 238 968","breadcrumb":{"@id":"https:\/\/www.fotonet.info\/?page_id=1597#breadcrumb"},"inLanguage":"en-US","potentialAction":[{"@type":"ReadAction","target":["https:\/\/www.fotonet.info\/?page_id=1597"]}]},{"@type":"ImageObject","inLanguage":"en-US","@id":"https:\/\/www.fotonet.info\/?page_id=1597#primaryimage","url":"https:\/\/www.fotonet.infowp-content\/uploads\/2021\/12\/Etui-na-CD.png","contentUrl":"https:\/\/www.fotonet.infowp-content\/uploads\/2021\/12\/Etui-na-CD.png"},{"@type":"BreadcrumbList","@id":"https:\/\/www.fotonet.info\/?page_id=1597#breadcrumb","itemListElement":[{"@type":"ListItem","position":1,"name":"Home","item":"https:\/\/www.fotonet.info\/"},{"@type":"ListItem","position":2,"name":"Poligrafia"}]},{"@type":"WebSite","@id":"https:\/\/www.fotonet.info\/#website","url":"https:\/\/www.fotonet.info\/","name":"Fotonet","description":"Magia Druku i Fotografii","publisher":{"@id":"https:\/\/www.fotonet.info\/#organization"},"potentialAction":[{"@type":"SearchAction","target":{"@type":"EntryPoint","urlTemplate":"https:\/\/www.fotonet.info\/?s={search_term_string}"},"query-input":{"@type":"PropertyValueSpecification","valueRequired":true,"valueName":"search_term_string"}}],"inLanguage":"en-US"},{"@type":"Organization","@id":"https:\/\/www.fotonet.info\/#organization","name":"Fotonet","url":"https:\/\/www.fotonet.info\/","logo":{"@type":"ImageObject","inLanguage":"en-US","@id":"https:\/\/www.fotonet.info\/#\/schema\/logo\/image\/","url":"https:\/\/www.fotonet.info\/wp-content\/uploads\/2022\/06\/Logo_Kwadrat.jpg","contentUrl":"https:\/\/www.fotonet.info\/wp-content\/uploads\/2022\/06\/Logo_Kwadrat.jpg","width":1181,"height":1181,"caption":"Fotonet"},"image":{"@id":"https:\/\/www.fotonet.info\/#\/schema\/logo\/image\/"},"sameAs":["https:\/\/www.facebook.com\/fotonettychy\/","https:\/\/www.instagram.com\/fotonet_tychy\/"]}]}},"_links":{"self":[{"href":"https:\/\/www.fotonet.info\/index.php?rest_route=\/wp\/v2\/pages\/1597","targetHints":{"allow":["GET"]}}],"collection":[{"href":"https:\/\/www.fotonet.info\/index.php?rest_route=\/wp\/v2\/pages"}],"about":[{"href":"https:\/\/www.fotonet.info\/index.php?rest_route=\/wp\/v2\/types\/page"}],"author":[{"embeddable":true,"href":"https:\/\/www.fotonet.info\/index.php?rest_route=\/wp\/v2\/users\/1"}],"replies":[{"embeddable":true,"href":"https:\/\/www.fotonet.info\/index.php?rest_route=%2Fwp%2Fv2%2Fcomments&post=1597"}],"version-history":[{"count":0,"href":"https:\/\/www.fotonet.info\/index.php?rest_route=\/wp\/v2\/pages\/1597\/revisions"}],"wp:attachment":[{"href":"https:\/\/www.fotonet.info\/index.php?rest_route=%2Fwp%2Fv2%2Fmedia&parent=1597"}],"curies":[{"name":"wp","href":"https:\/\/api.w.org\/{rel}","templated":true}]}}