{"id":2248,"date":"2022-01-06T14:17:28","date_gmt":"2022-01-06T14:17:28","guid":{"rendered":"https:\/\/www.fotonet.info?page_id=2248"},"modified":"2022-08-24T13:40:38","modified_gmt":"2022-08-24T13:40:38","slug":"kalibracja-monitora","status":"publish","type":"page","link":"https:\/\/www.fotonet.info\/?page_id=2248","title":{"rendered":"Kalibracja monitora"},"content":{"rendered":"\n<div style=\"height:50px\" aria-hidden=\"true\" class=\"wp-block-spacer\"><\/div>\n\n\n\n<h2 class=\"has-text-align-center wp-block-heading\">Monitor w pracowni fotografa amatora i profesjonalisty.<\/h2>\n\n\n\n<div style=\"height:50px\" aria-hidden=\"true\" class=\"wp-block-spacer\"><\/div>\n\n\n<p>Od kilku lat obserwujemy prawdziw\u0105 &#8220;rewolucj\u0119 cyfrow\u0105&#8221; w dziedzinie rejestracji obrazu. Wakacje sp\u0119dzamy najcz\u0119\u015bciej z aparatem cyfrowym. Jest on por\u0119czny, ma\u0142o skomplikowany w obs\u0142udze. Wykonujemy bardzo du\u017co zdj\u0119\u0107. Wielokrotnie wi\u0119cej ni\u017c czynili\u015bmy to wcze\u015bniej wykorzystuj\u0105c aparaty z filmem.<\/p>\n<p>Wykonanie odbitki na papierze zlecamy w fotolabie cyfrowym i bardzo szybko mo\u017cemy podziwia\u0107 swoje zdj\u0119cia.<br>Cieszymy si\u0119 bo zdj\u0119cia s\u0105 na prawd\u0119 fantastycznie dobre jako\u015bciowo, ilo\u015b\u0107 nieudanych ekspozycji jest niewielka. Mo\u017cna z nich zrezygnowa\u0107 lub poprosi\u0107 o mo\u017cliw\u0105 do wykonania korekt\u0119 cyfrow\u0105. Takie podej\u015bcie jest charakterystyczne dla typowego u\u017cytkownika, kt\u00f3ry post\u0119puje tak jak uprzednio oddaj\u0105c filmy do wywo\u0142ania i wykonania odbitek.<\/p>\n<p>Fotograf profesjonalista, zaawansowany amator post\u0119puj\u0105 troch\u0119 inaczej.<br>Zdj\u0119cia \u201ewywo\u0142ujemy\u201d na monitorze komputerowym. Nast\u0119pnie wykonywana jest selekcja, katalogowanie i obr\u00f3bka w programach graficznych.<br>Dopiero potem przychodzi czas na reprodukcj\u0119 wybranych zdj\u0119\u0107 na papierze czyli zlecenie wykonania odbitki na papierze w fotolabie cyfrowym. Niestety cz\u0119sto dochodzi do zasadniczego braku zgodno\u015bci reprodukcji w stosunku do tego co wida\u0107 na monitorze. Jeste\u015bmy niezadowoleni. Ca\u0142\u0105 win\u0105 obarczamy laboratorium, no bo przecie\u017c &#8220;oni&#8221; powinni zrobi\u0107 to dobrze.<\/p>\n<p>Przedstawi\u0119 kilka podstawowych zasad, zwi\u0105zanych z praktyk\u0105 zarz\u0105dzania barw\u0105 (CMS &#8211; Color Management System), kt\u00f3rych przestrzeganie spowoduje popraw\u0119 jako\u015bci i przewidywalno\u015bci rezultat\u00f3w prac graficznych. Zasady te dotycz\u0105 zar\u00f3wno punktu wykonuj\u0105cego reprodukcj\u0119 a tak\u017ce zleceniodawcy, kt\u00f3ry nie zawsze przygotowuje swoje prace w spos\u00f3b umo\u017cliwiaj\u0105cy wiern\u0105 reprodukcj\u0119.<\/p>\n<p>Podstawowy plan dzia\u0142ania.<br>1. Przygotowanie monitora do pracy &#8211; kalibracja.<br>2. Ustawienie program\u00f3w graficznych.<br>3. \u015awiat\u0142o przy monitorze.<br>4. Wsp\u00f3\u0142praca z fotolabem cyfrowym &#8211; profile ICC.<\/p>\n<p>Ad. 1. Do niedawna powszechnie uwa\u017cano, \u017ce nie ma sensu kalibrowanie monitor\u00f3w bo i tak nie b\u0119dzie mo\u017cna uzyska\u0107 zgodno\u015bci reprodukcji. Podobnie trudno by\u0142o przekona\u0107 u\u017cytkownika komputera do stosowania profili barwnych ICC. Upowszechnienie wysokich standard\u00f3w jako\u015bci wymusi\u0142o konieczno\u015b\u0107 stosowania technik zarz\u0105dzania barw\u0105.<br>Monitor, kt\u00f3ry nie ma w\u0142asnego profilu barwnego (charakterystyki barwnej), b\u0119dzie wy\u015bwietla\u0107 barwy w spos\u00f3b przypadkowy. System zarz\u0105dzania CMS w komputerze Windows czy MacOsX, przy braku profilu konkretnego urz\u0105dzenia, korzysta z profili domy\u015blnych. Dlatego te\u017c wy\u015bwietlanie monitora w takiej sytuacji b\u0119dzie obarczone bardzo du\u017cym b\u0142\u0119dem. Monitor nale\u017cy profilowa\u0107 cz\u0119sto, najlepiej co 2 tygodnie. Dlatego posiadanie kalibratora do monitora graficznego staje si\u0119 konieczno\u015bci\u0105.<\/p>\n<p>W u\u017cytkowaniu s\u0105 obecnie starzej\u0105ce si\u0119 monitory z kineskopem CRT oraz nowoczesne monitory z matryc\u0105 ciek\u0142okrystaliczn\u0105 LCD. Nie mo\u017cna ju\u017c kupi\u0107 nowego monitora CRT, produkcja zako\u0144czy\u0142a si\u0119. Monitory te w ostatnich latach prezentowa\u0142y bardzo dobre w\u0142a\u015bciwo\u015bci reprodukcji barw, bardzo niskie b\u0142\u0119dy reprodukcji (niskie wsp\u00f3\u0142czynniki Delta E). Jednak ich gamut nie wykracza\u0142 poza przestrze\u0144 sRGB. Obecnie oferowane s\u0105 tylko monitory LCD. Je\u017celi wybierzemy odpowiedniej klasy monitor graficzny, nie odczujemy zmiany w stosunku do monitora CRT. Monitory LCD zdecydowanie wyprzedzi\u0142y CRT-ki pod wzgl\u0119dem gamutu barwnego, potrafi\u0105 wy\u015bwietli\u0107 gamut przestrzeni RGB Adobe. Niestety koszt tych monitor\u00f3w jest bardzo wysoki.<br>Konkurencja i wzrost produkcji matryc LCD przyczyni\u0142y si\u0119 do tego, \u017ce mo\u017cna ju\u017c kupi\u0107 profesjonalny monitor w cenie poni\u017cej 10 tys. z\u0142 taki, kt\u00f3ry wy\u015bwietla oko\u0142o 95% gamutu Adobe 1998. To jest wyb\u00f3r dla profesjonalnego fotografa.<br>Pozostali fotografowie najcz\u0119\u015bciej wybieraj\u0105 monitor uzale\u017cniaj\u0105c zakup od zasobno\u015bci portfela. Nie ma niestety dobrych i tanich monitor\u00f3w graficznych. Jak oceni\u0107 monitor przed zakupem? Chyba jedynym sposobem jest udanie si\u0119 do firmy specjalizuj\u0105cej si\u0119 w sprzeda\u017cy monitor\u00f3w graficznych. Firmy, kt\u00f3ra przeprowadzi pe\u0142n\u0105 kalibracj\u0119 monitora oraz analiz\u0105 wynik\u00f3w pomiar\u00f3w. Na rynku monitor\u00f3w graficznych LCD zachodz\u0105 dynamicznie zmiany i rada fachowca jest potrzebna.<\/p>\n<p>Kilka s\u0142\u00f3w o kalibracji monitora.<br>W monitorach profesjonalnych kalibracja i profilowanie ICC odbywa si\u0119 automatycznie praktycznie bez udzia\u0142u operatora.<br>Polega to na uruchomieniu odpowiedniego programu producenta monitora, pod\u0142\u0105czeniu przyrz\u0105du (kolorymetr, spektrofotometr), ustaleniu parametr\u00f3w takich jak gamma, temperatura bieli, luminancja.<br>Startujemy proces i po oko\u0142o 10-15 minutach mamy skalibrowany monitor z profilem zapisanym w systemie operacyjnym komputera.<br>Pozosta\u0142e monitory wymagaj\u0105 od operatora wykonywania zmian w ustawieniach monitora w trakcie jego kalibracji. Proces profilowania jest automatyczny. Nie znaczy to, \u017ce czynno\u015bci kalibracyjne i profilowanie b\u0119d\u0105 trwa\u0107 d\u0142u\u017cej ni\u017c w przypadku kalibracji automatycznej. Odrobina wprawy i \u0107wiczenie co dwa tygodnie spowoduje, \u017ce b\u0119dzie to rutynowa, \u0142atwa i szybka operacja.<br>Program przy pomocy kolorymetru lub spektrofotometru pomaga zmierzy\u0107 i ustawi\u0107 r\u0119cznie parametry takie jak jasno\u015b\u0107, kontrast oraz temperatur\u0119 bieli monitora, a nast\u0119pnie automatycznie wykonuje profil ICC.<\/p>\n<p>Us\u0142ugi kalibracji monitor\u00f3w s\u0105 moim zdaniem dopuszczalne bo w efekcie mamy jednak skalibrowany monitor i na pewien czas to wystarczy. Na skutek starzenia si\u0119 matryc LCD\/luminofor\u00f3w CRT po dw\u00f3ch, czterech tygodniach trzeba jednak od\u015bwie\u017cy\u0107 profil. Wszystkim profesjonalistom polecam zakup stosownego kalibratora. Cz\u0119sto przy zakupie monitor\u00f3w graficznych stosuje si\u0119 sprzeda\u017c wi\u0105zan\u0105 monitor + kalibrator. Mo\u017cna zaoszcz\u0119dzi\u0107 kilkaset z\u0142otych. Jako urz\u0105dzenie zdecydowanie rekomenduj\u0119 X-Rite Eye-One Display2.<\/p>\n<p>Ad2.<br>Ustawienie aplikacji graficznej to proste zagadnienie.<br>Om\u00f3wi\u0119 na przyk\u0142adzie PhotoShopa.<br>Profesjonalista jako przestrze\u0144 robocz\u0105 RGB wybierze Adobe 1998 lub ProPhoto.<br>Amator zaawansowany &#8211; cz\u0119\u015bciej Adobe 1998, rzadziej sRGB.<br>Amator powinien pracowa\u0107 jedynie w sRGB.<br>Gdzie jest miejsce dla profilu naszego monitora?<br>Do niedawna aplikacje do kalibrowania ustawia\u0142y wykonany profil ICC monitora w przestrzeni roboczej RGB PhotoShopa. Nie by\u0142o to z gruntu z\u0142e ale cz\u0119sto prowadzi\u0142o do niepo\u017c\u0105danej sytuacji w kt\u00f3rej pliki RGB by\u0142y konwertowane do przestrzeni monitora i potem nie mo\u017cna by\u0142o ju\u017c wr\u00f3ci\u0107 do orygina\u0142u o cz\u0119sto wi\u0119kszym gamucie. Nowe wersje PhotoShopa nie wymagaj\u0105 tego. Dzisiaj aktywowaniem profilu monitora powinien zaj\u0105\u0107 si\u0119 system operacyjny komputera.<br>W systemie operacyjnym MacOsX nie ma \u017cadnego problemu. Profil aktywuje si\u0119 po kalibracji monitora. W Windows jest podobnie, profil aktywuje si\u0119 automatycznie. Jednak cz\u0119sto napotykamy na problemy z prac\u0105 systemu zarz\u0105dzania kolorami ICM. Windows od poziomu XP generalnie zarz\u0105dza kolorem podobnie jak Mac ale daleko mu do tego co oferuje ColorSync Macintosha. Dlatego profesjonalni fotografowie ch\u0119tniej korzystaj\u0105 z komputer\u00f3w Macintosh.<\/p>\n<p>Ad3.<br>\u015awiat\u0142o pe\u0142ni bezsprzecznie podstawow\u0105 rol\u0119 w pracowni fotograficznej. Pracuj\u0105c z monitorem o\u015bwietlenie ma tak\u017ce pierwszorz\u0119dne znaczenie. Z do\u015bwiadczenia wiem, \u017ce problem o\u015bwietlenia przy monitorze, traktowany jest cz\u0119sto jako b\u0142ahy. Rodzi to dziwne sytuacje gdy na oprzyrz\u0105dowanie, komputery, monitory itd., wydaje si\u0119 bardzo du\u017ce kwoty a zapomina si\u0119 warunkach o\u015bwietlenia w pracowni komputerowej.<br>By\u0107 mo\u017ce przyczyniaj\u0105 si\u0119 do tego wysokie koszty profesjonalnych kom\u00f3r \u015bwietlnych. W praktyce mo\u017cna ten problem rozwi\u0105za\u0107 w r\u00f3\u017cny spos\u00f3b ale koniecznie musi by\u0107 rozwi\u0105zany.<br>Ocena reprodukcji powinna mie\u0107 miejsce w takich samych warunkach o\u015bwietlenia (luminancja, temperatura barwowa) jakie s\u0105 one ustawione w monitorze. Otoczenie monitora powinno by\u0107 neutralne barwnie. Wszelkie jaskrawe ozdobniki i niepotrzebne przedmioty w bezpo\u015brednim otoczeniu monitora, mog\u0105 przyczyni\u0107 si\u0119 do powstania niezamierzonych b\u0142\u0119d\u00f3w w subiektywnej ocenie i interpretacji barw. Nat\u0119\u017cenie o\u015bwietlenia w pobli\u017cu monitora powinno by\u0107 zdecydowanie ni\u017csze ni\u017c mierzone na monitorze. W bezpo\u015brednim otoczeniu monitora zalecany jest delikatny p\u00f3\u0142mrok na poziomie 60 cd\/m2. Jasno\u015b\u0107 monitora LCD nastawiamy w zakresie od 100 do 140 cd\/m2. Osobi\u015bcie preferuj\u0119 ni\u017csz\u0105 warto\u015b\u0107 czyli oko\u0142o 100 cd\/m2. W pomieszczeniach ja\u015bniejszych trzeba stosowa\u0107 nastawy wy\u017csze. Na szcz\u0119\u015bcie monitory LCD nie maj\u0105 problem\u00f3w z osi\u0105gni\u0119ciem wy\u017cszej jasno\u015bci ale musimy pami\u0119ta\u0107, \u017ce im wy\u017csza jasno\u015b\u0107 tym wi\u0119kszy problem mo\u017cemy mie\u0107 z jako\u015bci\u0105 generowanej czerni a po\u015brednio z naszymi oczami, kt\u00f3re b\u0119dziemy wystawia\u0107 na intensywny strumie\u0144 \u015bwiat\u0142a w d\u0142ugim okresie czasu z niewielkiej odleg\u0142o\u015bci.<br>\u015aciany pracowni powinny by\u0107 neutralne, zas\u0142ony w oknach tak\u017ce. Je\u017celi tak gruntowne zmiany s\u0105 trudne do przeprowadzenia wystarczy zadba\u0107 aby k\u0105cik do pracy z monitorem by\u0142 w\u0142a\u015bnie tak urz\u0105dzony. Profesjonalista skorzysta ze specjalnej komory ze \u015bwiat\u0142em sztucznym o temperaturze 5000K z regulacj\u0105 jasno\u015bci, amatorzy cz\u0119sto montuj\u0105 sobie samodzielnie wykonane komory do oceny barwy, montuj\u0105c w nich niezbyt drogie ale specjalistyczne \u015bwietl\u00f3wki graficzne o temperaturach zbli\u017conych do 5300 &#8211; 5400 K.<br>Wa\u017cna informacja &#8211; wszystkie wspomniane wy\u017cej parametry \u015bwiat\u0142a mo\u017cemy zmierzy\u0107 profesjonalnym kolorymetrem do kalibracji i profilowania monitor\u00f3w X-Rite Eye One Display 2.<\/p>\n<p>Ad4.<br>Dlaczego potrzebny jest nam profil ICC fotolabu?<br>A aplikacji graficznej takiej jak PhotoShop mo\u017cna symulowa\u0107 na ekranie monitora wygl\u0105d zdj\u0119cia bazuj\u0105c na profilu fotolabu czy urz\u0105dzenia ko\u0144cowego na kt\u00f3rym b\u0119dzie ono finalnie reprodukowane. Aby to wykona\u0107 musimy mie\u0107 skalibrowany monitor oraz profil urz\u0105dzenia na kt\u00f3rym b\u0119dzie wykonywana odbitka. Brak profilu monitora lub urz\u0105dzenia ko\u0144cowego, uniemo\u017cliwi wykonanie tej jak\u017ce wa\u017cnej pr\u00f3by barw. Pos\u0142uguj\u0105c si\u0119 t\u0105 technik\u0105 jeste\u015bmy w stanie przede wszystkim oceni\u0107 jak na danym urz\u0105dzeniu b\u0119dzie wygl\u0105da\u0107 nasza praca, mo\u017cemy zawczasu wykona\u0107 korekty, uczyni\u0107 wszystko co mo\u017cliwe aby uzyska\u0107 jak najlepsze rezultaty. Technika softproofingu o kt\u00f3rej pisz\u0119, odgrywa ju\u017c od d\u0142u\u017cszego czasu wa\u017cn\u0105 rol\u0119 w pracowniach graficznych prepress, przygotowuj\u0105cych prace poligraficzne. Jednak mo\u017cliwo\u015bci jej stosowania s\u0105 ograniczone w zwi\u0105zku z gamutem popularnych monitor\u00f3w graficznych, kt\u00f3ry nie wykracza poza przestrze\u0144 sRGB. W reprodukcji na papierze fotograficznym w fotolabie cyfrowym przestrze\u0144 sRGB w zupe\u0142no\u015bci wystarcza i wa\u017cne jest aby profil ICC fotolabu wykonany na dany papier fotograficzny by\u0142 bardzo dobrej jako\u015bci. W nowoczesnych fotolabach cyfrowych zagwarantowana jest wysoka stabilno\u015b\u0107 proces\u00f3w chemicznych. Pozostaje wi\u0119c tylko kontrolowa\u0107 te procesy, okresowo od\u015bwie\u017ca\u0107 profile ICC urz\u0105dze\u0144 i w ten spos\u00f3b gwarantowa\u0107 najwy\u017csz\u0105 z mo\u017cliwych jako\u015b\u0107 us\u0142ug.<\/p>\n<p>W firmie FotoNet opisane wy\u017cej zasady zosta\u0142y z powodzeniem wdro\u017cone. Zar\u00f3wno amatorzy jak i profesjonali\u015bci mog\u0105 by\u0107 spokojni o rezultaty swoich prac. Przy okazji personel jest przeszkolony w zakresie CMS i zawsze mo\u017cecie Pa\u0144stwo uzyska\u0107 porad\u0119 i pomoc w tym zakresie.<\/p>\n\n\n<div class=\"wp-block-buttons is-layout-flex wp-block-buttons-is-layout-flex\">\n<div class=\"wp-block-button is-style-outline is-style-outline--1\"><a class=\"wp-block-button__link\" href=\"https:\/\/www.fotonet.info\">Wr\u00f3\u0107<\/a><\/div>\n<\/div>\n","protected":false},"excerpt":{"rendered":"<p>Monitor w pracowni fotografa amatora i profesjonalisty. Od kilku lat obserwujemy prawdziw\u0105 &#8220;rewolucj\u0119 cyfrow\u0105&#8221; w dziedzinie rejestracji obrazu. Wakacje sp\u0119dzamy&hellip;<\/p>\n","protected":false},"author":1,"featured_media":0,"parent":0,"menu_order":0,"comment_status":"closed","ping_status":"closed","template":"","meta":{"footnotes":""},"class_list":["post-2248","page","type-page","status-publish","hentry"],"yoast_head":"<!-- This site is optimized with the Yoast SEO plugin v27.4 - https:\/\/yoast.com\/product\/yoast-seo-wordpress\/ -->\n<title>Kalibracja monitora - Grafika - Projekty - Tychy - \u015al\u0105sk<\/title>\n<meta name=\"description\" content=\"Wystawy fotograficzne, wywo\u0142ywanie zdj\u0119\u0107 oraz pe\u0142na gama foto-produkt\u00f3w! Zapraszamy do naszego sklepu w Tychach! + 48 510 238 968\" \/>\n<meta name=\"robots\" content=\"index, follow, max-snippet:-1, max-image-preview:large, max-video-preview:-1\" \/>\n<link rel=\"canonical\" href=\"https:\/\/www.fotonet.info\/?page_id=2248\" \/>\n<meta property=\"og:locale\" content=\"en_US\" \/>\n<meta property=\"og:type\" content=\"article\" \/>\n<meta property=\"og:title\" content=\"Kalibracja monitora - Grafika - Projekty - Tychy - \u015al\u0105sk\" \/>\n<meta property=\"og:description\" content=\"Wystawy fotograficzne, wywo\u0142ywanie zdj\u0119\u0107 oraz pe\u0142na gama foto-produkt\u00f3w! Zapraszamy do naszego sklepu w Tychach! + 48 510 238 968\" \/>\n<meta property=\"og:url\" content=\"https:\/\/www.fotonet.info\/?page_id=2248\" \/>\n<meta property=\"og:site_name\" content=\"Fotonet\" \/>\n<meta property=\"article:publisher\" content=\"https:\/\/www.facebook.com\/fotonettychy\/\" \/>\n<meta property=\"article:modified_time\" content=\"2022-08-24T13:40:38+00:00\" \/>\n<meta name=\"twitter:card\" content=\"summary_large_image\" \/>\n<meta name=\"twitter:label1\" content=\"Est. reading time\" \/>\n\t<meta name=\"twitter:data1\" content=\"7 minutes\" \/>\n<script type=\"application\/ld+json\" class=\"yoast-schema-graph\">{\"@context\":\"https:\\\/\\\/schema.org\",\"@graph\":[{\"@type\":\"WebPage\",\"@id\":\"https:\\\/\\\/www.fotonet.info\\\/?page_id=2248\",\"url\":\"https:\\\/\\\/www.fotonet.info\\\/?page_id=2248\",\"name\":\"Kalibracja monitora - Grafika - Projekty - Tychy - \u015al\u0105sk\",\"isPartOf\":{\"@id\":\"https:\\\/\\\/www.fotonet.info\\\/#website\"},\"datePublished\":\"2022-01-06T14:17:28+00:00\",\"dateModified\":\"2022-08-24T13:40:38+00:00\",\"description\":\"Wystawy fotograficzne, wywo\u0142ywanie zdj\u0119\u0107 oraz pe\u0142na gama foto-produkt\u00f3w! Zapraszamy do naszego sklepu w Tychach! + 48 510 238 968\",\"breadcrumb\":{\"@id\":\"https:\\\/\\\/www.fotonet.info\\\/?page_id=2248#breadcrumb\"},\"inLanguage\":\"en-US\",\"potentialAction\":[{\"@type\":\"ReadAction\",\"target\":[\"https:\\\/\\\/www.fotonet.info\\\/?page_id=2248\"]}]},{\"@type\":\"BreadcrumbList\",\"@id\":\"https:\\\/\\\/www.fotonet.info\\\/?page_id=2248#breadcrumb\",\"itemListElement\":[{\"@type\":\"ListItem\",\"position\":1,\"name\":\"Home\",\"item\":\"https:\\\/\\\/www.fotonet.info\\\/\"},{\"@type\":\"ListItem\",\"position\":2,\"name\":\"Kalibracja monitora\"}]},{\"@type\":\"WebSite\",\"@id\":\"https:\\\/\\\/www.fotonet.info\\\/#website\",\"url\":\"https:\\\/\\\/www.fotonet.info\\\/\",\"name\":\"Fotonet\",\"description\":\"Magia Druku i Fotografii\",\"publisher\":{\"@id\":\"https:\\\/\\\/www.fotonet.info\\\/#organization\"},\"potentialAction\":[{\"@type\":\"SearchAction\",\"target\":{\"@type\":\"EntryPoint\",\"urlTemplate\":\"https:\\\/\\\/www.fotonet.info\\\/?s={search_term_string}\"},\"query-input\":{\"@type\":\"PropertyValueSpecification\",\"valueRequired\":true,\"valueName\":\"search_term_string\"}}],\"inLanguage\":\"en-US\"},{\"@type\":\"Organization\",\"@id\":\"https:\\\/\\\/www.fotonet.info\\\/#organization\",\"name\":\"Fotonet\",\"url\":\"https:\\\/\\\/www.fotonet.info\\\/\",\"logo\":{\"@type\":\"ImageObject\",\"inLanguage\":\"en-US\",\"@id\":\"https:\\\/\\\/www.fotonet.info\\\/#\\\/schema\\\/logo\\\/image\\\/\",\"url\":\"https:\\\/\\\/www.fotonet.info\\\/wp-content\\\/uploads\\\/2022\\\/06\\\/Logo_Kwadrat.jpg\",\"contentUrl\":\"https:\\\/\\\/www.fotonet.info\\\/wp-content\\\/uploads\\\/2022\\\/06\\\/Logo_Kwadrat.jpg\",\"width\":1181,\"height\":1181,\"caption\":\"Fotonet\"},\"image\":{\"@id\":\"https:\\\/\\\/www.fotonet.info\\\/#\\\/schema\\\/logo\\\/image\\\/\"},\"sameAs\":[\"https:\\\/\\\/www.facebook.com\\\/fotonettychy\\\/\",\"https:\\\/\\\/www.instagram.com\\\/fotonet_tychy\\\/\"]}]}<\/script>\n<!-- \/ Yoast SEO plugin. -->","yoast_head_json":{"title":"Kalibracja monitora - Grafika - Projekty - Tychy - \u015al\u0105sk","description":"Wystawy fotograficzne, wywo\u0142ywanie zdj\u0119\u0107 oraz pe\u0142na gama foto-produkt\u00f3w! Zapraszamy do naszego sklepu w Tychach! + 48 510 238 968","robots":{"index":"index","follow":"follow","max-snippet":"max-snippet:-1","max-image-preview":"max-image-preview:large","max-video-preview":"max-video-preview:-1"},"canonical":"https:\/\/www.fotonet.info\/?page_id=2248","og_locale":"en_US","og_type":"article","og_title":"Kalibracja monitora - Grafika - Projekty - Tychy - \u015al\u0105sk","og_description":"Wystawy fotograficzne, wywo\u0142ywanie zdj\u0119\u0107 oraz pe\u0142na gama foto-produkt\u00f3w! Zapraszamy do naszego sklepu w Tychach! + 48 510 238 968","og_url":"https:\/\/www.fotonet.info\/?page_id=2248","og_site_name":"Fotonet","article_publisher":"https:\/\/www.facebook.com\/fotonettychy\/","article_modified_time":"2022-08-24T13:40:38+00:00","twitter_card":"summary_large_image","twitter_misc":{"Est. reading time":"7 minutes"},"schema":{"@context":"https:\/\/schema.org","@graph":[{"@type":"WebPage","@id":"https:\/\/www.fotonet.info\/?page_id=2248","url":"https:\/\/www.fotonet.info\/?page_id=2248","name":"Kalibracja monitora - Grafika - Projekty - Tychy - \u015al\u0105sk","isPartOf":{"@id":"https:\/\/www.fotonet.info\/#website"},"datePublished":"2022-01-06T14:17:28+00:00","dateModified":"2022-08-24T13:40:38+00:00","description":"Wystawy fotograficzne, wywo\u0142ywanie zdj\u0119\u0107 oraz pe\u0142na gama foto-produkt\u00f3w! Zapraszamy do naszego sklepu w Tychach! + 48 510 238 968","breadcrumb":{"@id":"https:\/\/www.fotonet.info\/?page_id=2248#breadcrumb"},"inLanguage":"en-US","potentialAction":[{"@type":"ReadAction","target":["https:\/\/www.fotonet.info\/?page_id=2248"]}]},{"@type":"BreadcrumbList","@id":"https:\/\/www.fotonet.info\/?page_id=2248#breadcrumb","itemListElement":[{"@type":"ListItem","position":1,"name":"Home","item":"https:\/\/www.fotonet.info\/"},{"@type":"ListItem","position":2,"name":"Kalibracja monitora"}]},{"@type":"WebSite","@id":"https:\/\/www.fotonet.info\/#website","url":"https:\/\/www.fotonet.info\/","name":"Fotonet","description":"Magia Druku i Fotografii","publisher":{"@id":"https:\/\/www.fotonet.info\/#organization"},"potentialAction":[{"@type":"SearchAction","target":{"@type":"EntryPoint","urlTemplate":"https:\/\/www.fotonet.info\/?s={search_term_string}"},"query-input":{"@type":"PropertyValueSpecification","valueRequired":true,"valueName":"search_term_string"}}],"inLanguage":"en-US"},{"@type":"Organization","@id":"https:\/\/www.fotonet.info\/#organization","name":"Fotonet","url":"https:\/\/www.fotonet.info\/","logo":{"@type":"ImageObject","inLanguage":"en-US","@id":"https:\/\/www.fotonet.info\/#\/schema\/logo\/image\/","url":"https:\/\/www.fotonet.info\/wp-content\/uploads\/2022\/06\/Logo_Kwadrat.jpg","contentUrl":"https:\/\/www.fotonet.info\/wp-content\/uploads\/2022\/06\/Logo_Kwadrat.jpg","width":1181,"height":1181,"caption":"Fotonet"},"image":{"@id":"https:\/\/www.fotonet.info\/#\/schema\/logo\/image\/"},"sameAs":["https:\/\/www.facebook.com\/fotonettychy\/","https:\/\/www.instagram.com\/fotonet_tychy\/"]}]}},"_links":{"self":[{"href":"https:\/\/www.fotonet.info\/index.php?rest_route=\/wp\/v2\/pages\/2248","targetHints":{"allow":["GET"]}}],"collection":[{"href":"https:\/\/www.fotonet.info\/index.php?rest_route=\/wp\/v2\/pages"}],"about":[{"href":"https:\/\/www.fotonet.info\/index.php?rest_route=\/wp\/v2\/types\/page"}],"author":[{"embeddable":true,"href":"https:\/\/www.fotonet.info\/index.php?rest_route=\/wp\/v2\/users\/1"}],"replies":[{"embeddable":true,"href":"https:\/\/www.fotonet.info\/index.php?rest_route=%2Fwp%2Fv2%2Fcomments&post=2248"}],"version-history":[{"count":0,"href":"https:\/\/www.fotonet.info\/index.php?rest_route=\/wp\/v2\/pages\/2248\/revisions"}],"wp:attachment":[{"href":"https:\/\/www.fotonet.info\/index.php?rest_route=%2Fwp%2Fv2%2Fmedia&parent=2248"}],"curies":[{"name":"wp","href":"https:\/\/api.w.org\/{rel}","templated":true}]}}