{"id":2637,"date":"2022-05-23T20:06:00","date_gmt":"2022-05-23T20:06:00","guid":{"rendered":"https:\/\/www.fotonet.info\/?page_id=2637"},"modified":"2022-09-02T12:01:24","modified_gmt":"2022-09-02T12:01:24","slug":"strony-internetowe","status":"publish","type":"page","link":"https:\/\/www.fotonet.info\/?page_id=2637","title":{"rendered":"Strony internetowe"},"content":{"rendered":"\n<hr class=\"wp-block-separator has-css-opacity is-style-wide animated fadeInLeft\"\/>\n\n\n\n<h1 class=\"alignfull has-text-align-center animated zoomIn has-text-color wp-block-heading\" style=\"color:#565656\">Strony Internetowe<\/h1>\n\n\n\n<hr class=\"wp-block-separator has-css-opacity is-style-wide animated fadeInRight\"\/>\n\n\n\n<div style=\"height:50px\" aria-hidden=\"true\" class=\"wp-block-spacer\"><\/div>\n\n\n\n<h2 class=\"has-text-align-center wp-block-heading\"><strong>Pomo\u017cemy Ci w tworzeniu marki twojej firmy!<\/strong><\/h2>\n\n\n\n<div style=\"height:50px\" aria-hidden=\"true\" class=\"wp-block-spacer\"><\/div>\n\n\n\n<div class=\"wp-block-columns is-layout-flex wp-container-core-columns-is-layout-9d6595d7 wp-block-columns-is-layout-flex\">\n<div class=\"wp-block-column is-vertically-aligned-center is-layout-flow wp-block-column-is-layout-flow\">\n<h3 style=\"text-align: center;\">Oferujemy <strong>kompleksow\u0105<\/strong> us\u0142ug\u0119 tworzenia <strong>stron internetowych<\/strong>.&nbsp;<\/h3>\n<p><\/p>\n<h4 style=\"text-align: center;\">\u0141\u0105czymy us\u0142ugi <strong>graficzne<\/strong>, <strong>informatyczne<\/strong>, <strong>t\u0142umaczeniowe<\/strong> oraz <strong>hostingowe<\/strong>.<\/h4>\n<h4 style=\"text-align: center;\">Zajmiemy si\u0119 ca\u0142ym procesem, zaczynaj\u0105c od wybrania <strong>domeny<\/strong>, przez <strong>projekt graficzny<\/strong> strony, a\u017c po uruchomienie jej na w\u0142asnych <strong>serwerach<\/strong>.<\/h4>\n<h4 style=\"text-align: center;\">Pomo\u017cemy Ci tak\u017ce je\u015bli chcesz, aby Twoja strona by\u0142a przet\u0142umaczona na <strong>kilka j\u0119zyk\u00f3w<\/strong>!&nbsp;<\/h4>\n<p><\/p>\n<h3 style=\"text-align: center;\"><strong>Zadzwo\u0144 do nas: <a href=\"callto:+48510238968\">+48 510 238 968<\/a> lub napisz <a href=\"mailto:fotonet@fotonet.info\">fotonet@fotonet.info<\/a><\/strong><\/h3>\n<\/div>\n\n\n\n<div class=\"wp-block-column is-vertically-aligned-center is-layout-flow wp-block-column-is-layout-flow\">\n<\/div>\n<\/div>\n\n\n\n<div style=\"height:50px\" aria-hidden=\"true\" class=\"wp-block-spacer\"><\/div>\n\n\n\n<div style=\"height:50px\" aria-hidden=\"true\" class=\"wp-block-spacer\"><\/div>\n\n\n\n<div class=\"wp-block-buttons is-layout-flex wp-block-buttons-is-layout-flex\">\n<div class=\"wp-block-button is-style-outline is-style-outline--1\"><a class=\"wp-block-button__link\" href=\"https:\/\/www.fotonet.info\">Wr\u00f3\u0107<\/a><\/div>\n<\/div>\n","protected":false},"excerpt":{"rendered":"<p>Strony Internetowe Pomo\u017cemy Ci w tworzeniu marki twojej firmy! Oferujemy kompleksow\u0105 us\u0142ug\u0119 tworzenia stron internetowych.&nbsp; \u0141\u0105czymy us\u0142ugi graficzne, informatyczne, t\u0142umaczeniowe&hellip;<\/p>\n","protected":false},"author":1,"featured_media":0,"parent":0,"menu_order":0,"comment_status":"closed","ping_status":"closed","template":"","meta":{"footnotes":""},"class_list":["post-2637","page","type-page","status-publish","hentry"],"yoast_head":"<!-- This site is optimized with the Yoast SEO plugin v27.3 - https:\/\/yoast.com\/product\/yoast-seo-wordpress\/ -->\n<title>Strony internetowe - Hosting - Projekty - Tychy - \u015al\u0105sk<\/title>\n<meta name=\"description\" content=\"Wystawy fotograficzne, wywo\u0142ywanie zdj\u0119\u0107 oraz pe\u0142na gama foto-produkt\u00f3w! Zapraszamy do naszego sklepu w Tychach! + 48 510 238 968\" \/>\n<meta name=\"robots\" content=\"index, follow, max-snippet:-1, max-image-preview:large, max-video-preview:-1\" \/>\n<link rel=\"canonical\" href=\"https:\/\/www.fotonet.info\/?page_id=2637\" \/>\n<meta property=\"og:locale\" content=\"en_US\" \/>\n<meta property=\"og:type\" content=\"article\" \/>\n<meta property=\"og:title\" content=\"Strony internetowe - Hosting - Projekty - Tychy - \u015al\u0105sk\" \/>\n<meta property=\"og:description\" content=\"Wystawy fotograficzne, wywo\u0142ywanie zdj\u0119\u0107 oraz pe\u0142na gama foto-produkt\u00f3w! Zapraszamy do naszego sklepu w Tychach! + 48 510 238 968\" \/>\n<meta property=\"og:url\" content=\"https:\/\/www.fotonet.info\/?page_id=2637\" \/>\n<meta property=\"og:site_name\" content=\"Fotonet\" \/>\n<meta property=\"article:publisher\" content=\"https:\/\/www.facebook.com\/fotonettychy\/\" \/>\n<meta property=\"article:modified_time\" content=\"2022-09-02T12:01:24+00:00\" \/>\n<meta name=\"twitter:card\" content=\"summary_large_image\" \/>\n<meta name=\"twitter:label1\" content=\"Est. reading time\" \/>\n\t<meta name=\"twitter:data1\" content=\"1 minute\" \/>\n<script type=\"application\/ld+json\" class=\"yoast-schema-graph\">{\"@context\":\"https:\\\/\\\/schema.org\",\"@graph\":[{\"@type\":\"WebPage\",\"@id\":\"https:\\\/\\\/www.fotonet.info\\\/?page_id=2637\",\"url\":\"https:\\\/\\\/www.fotonet.info\\\/?page_id=2637\",\"name\":\"Strony internetowe - Hosting - Projekty - Tychy - \u015al\u0105sk\",\"isPartOf\":{\"@id\":\"https:\\\/\\\/www.fotonet.info\\\/#website\"},\"datePublished\":\"2022-05-23T20:06:00+00:00\",\"dateModified\":\"2022-09-02T12:01:24+00:00\",\"description\":\"Wystawy fotograficzne, wywo\u0142ywanie zdj\u0119\u0107 oraz pe\u0142na gama foto-produkt\u00f3w! Zapraszamy do naszego sklepu w Tychach! + 48 510 238 968\",\"breadcrumb\":{\"@id\":\"https:\\\/\\\/www.fotonet.info\\\/?page_id=2637#breadcrumb\"},\"inLanguage\":\"en-US\",\"potentialAction\":[{\"@type\":\"ReadAction\",\"target\":[\"https:\\\/\\\/www.fotonet.info\\\/?page_id=2637\"]}]},{\"@type\":\"BreadcrumbList\",\"@id\":\"https:\\\/\\\/www.fotonet.info\\\/?page_id=2637#breadcrumb\",\"itemListElement\":[{\"@type\":\"ListItem\",\"position\":1,\"name\":\"Home\",\"item\":\"https:\\\/\\\/www.fotonet.info\\\/\"},{\"@type\":\"ListItem\",\"position\":2,\"name\":\"Strony internetowe\"}]},{\"@type\":\"WebSite\",\"@id\":\"https:\\\/\\\/www.fotonet.info\\\/#website\",\"url\":\"https:\\\/\\\/www.fotonet.info\\\/\",\"name\":\"Fotonet\",\"description\":\"Magia Druku i Fotografii\",\"publisher\":{\"@id\":\"https:\\\/\\\/www.fotonet.info\\\/#organization\"},\"potentialAction\":[{\"@type\":\"SearchAction\",\"target\":{\"@type\":\"EntryPoint\",\"urlTemplate\":\"https:\\\/\\\/www.fotonet.info\\\/?s={search_term_string}\"},\"query-input\":{\"@type\":\"PropertyValueSpecification\",\"valueRequired\":true,\"valueName\":\"search_term_string\"}}],\"inLanguage\":\"en-US\"},{\"@type\":\"Organization\",\"@id\":\"https:\\\/\\\/www.fotonet.info\\\/#organization\",\"name\":\"Fotonet\",\"url\":\"https:\\\/\\\/www.fotonet.info\\\/\",\"logo\":{\"@type\":\"ImageObject\",\"inLanguage\":\"en-US\",\"@id\":\"https:\\\/\\\/www.fotonet.info\\\/#\\\/schema\\\/logo\\\/image\\\/\",\"url\":\"https:\\\/\\\/www.fotonet.info\\\/wp-content\\\/uploads\\\/2022\\\/06\\\/Logo_Kwadrat.jpg\",\"contentUrl\":\"https:\\\/\\\/www.fotonet.info\\\/wp-content\\\/uploads\\\/2022\\\/06\\\/Logo_Kwadrat.jpg\",\"width\":1181,\"height\":1181,\"caption\":\"Fotonet\"},\"image\":{\"@id\":\"https:\\\/\\\/www.fotonet.info\\\/#\\\/schema\\\/logo\\\/image\\\/\"},\"sameAs\":[\"https:\\\/\\\/www.facebook.com\\\/fotonettychy\\\/\",\"https:\\\/\\\/www.instagram.com\\\/fotonet_tychy\\\/\"]}]}<\/script>\n<!-- \/ Yoast SEO plugin. -->","yoast_head_json":{"title":"Strony internetowe - Hosting - Projekty - Tychy - \u015al\u0105sk","description":"Wystawy fotograficzne, wywo\u0142ywanie zdj\u0119\u0107 oraz pe\u0142na gama foto-produkt\u00f3w! Zapraszamy do naszego sklepu w Tychach! + 48 510 238 968","robots":{"index":"index","follow":"follow","max-snippet":"max-snippet:-1","max-image-preview":"max-image-preview:large","max-video-preview":"max-video-preview:-1"},"canonical":"https:\/\/www.fotonet.info\/?page_id=2637","og_locale":"en_US","og_type":"article","og_title":"Strony internetowe - Hosting - Projekty - Tychy - \u015al\u0105sk","og_description":"Wystawy fotograficzne, wywo\u0142ywanie zdj\u0119\u0107 oraz pe\u0142na gama foto-produkt\u00f3w! Zapraszamy do naszego sklepu w Tychach! + 48 510 238 968","og_url":"https:\/\/www.fotonet.info\/?page_id=2637","og_site_name":"Fotonet","article_publisher":"https:\/\/www.facebook.com\/fotonettychy\/","article_modified_time":"2022-09-02T12:01:24+00:00","twitter_card":"summary_large_image","twitter_misc":{"Est. reading time":"1 minute"},"schema":{"@context":"https:\/\/schema.org","@graph":[{"@type":"WebPage","@id":"https:\/\/www.fotonet.info\/?page_id=2637","url":"https:\/\/www.fotonet.info\/?page_id=2637","name":"Strony internetowe - Hosting - Projekty - Tychy - \u015al\u0105sk","isPartOf":{"@id":"https:\/\/www.fotonet.info\/#website"},"datePublished":"2022-05-23T20:06:00+00:00","dateModified":"2022-09-02T12:01:24+00:00","description":"Wystawy fotograficzne, wywo\u0142ywanie zdj\u0119\u0107 oraz pe\u0142na gama foto-produkt\u00f3w! Zapraszamy do naszego sklepu w Tychach! + 48 510 238 968","breadcrumb":{"@id":"https:\/\/www.fotonet.info\/?page_id=2637#breadcrumb"},"inLanguage":"en-US","potentialAction":[{"@type":"ReadAction","target":["https:\/\/www.fotonet.info\/?page_id=2637"]}]},{"@type":"BreadcrumbList","@id":"https:\/\/www.fotonet.info\/?page_id=2637#breadcrumb","itemListElement":[{"@type":"ListItem","position":1,"name":"Home","item":"https:\/\/www.fotonet.info\/"},{"@type":"ListItem","position":2,"name":"Strony internetowe"}]},{"@type":"WebSite","@id":"https:\/\/www.fotonet.info\/#website","url":"https:\/\/www.fotonet.info\/","name":"Fotonet","description":"Magia Druku i Fotografii","publisher":{"@id":"https:\/\/www.fotonet.info\/#organization"},"potentialAction":[{"@type":"SearchAction","target":{"@type":"EntryPoint","urlTemplate":"https:\/\/www.fotonet.info\/?s={search_term_string}"},"query-input":{"@type":"PropertyValueSpecification","valueRequired":true,"valueName":"search_term_string"}}],"inLanguage":"en-US"},{"@type":"Organization","@id":"https:\/\/www.fotonet.info\/#organization","name":"Fotonet","url":"https:\/\/www.fotonet.info\/","logo":{"@type":"ImageObject","inLanguage":"en-US","@id":"https:\/\/www.fotonet.info\/#\/schema\/logo\/image\/","url":"https:\/\/www.fotonet.info\/wp-content\/uploads\/2022\/06\/Logo_Kwadrat.jpg","contentUrl":"https:\/\/www.fotonet.info\/wp-content\/uploads\/2022\/06\/Logo_Kwadrat.jpg","width":1181,"height":1181,"caption":"Fotonet"},"image":{"@id":"https:\/\/www.fotonet.info\/#\/schema\/logo\/image\/"},"sameAs":["https:\/\/www.facebook.com\/fotonettychy\/","https:\/\/www.instagram.com\/fotonet_tychy\/"]}]}},"_links":{"self":[{"href":"https:\/\/www.fotonet.info\/index.php?rest_route=\/wp\/v2\/pages\/2637","targetHints":{"allow":["GET"]}}],"collection":[{"href":"https:\/\/www.fotonet.info\/index.php?rest_route=\/wp\/v2\/pages"}],"about":[{"href":"https:\/\/www.fotonet.info\/index.php?rest_route=\/wp\/v2\/types\/page"}],"author":[{"embeddable":true,"href":"https:\/\/www.fotonet.info\/index.php?rest_route=\/wp\/v2\/users\/1"}],"replies":[{"embeddable":true,"href":"https:\/\/www.fotonet.info\/index.php?rest_route=%2Fwp%2Fv2%2Fcomments&post=2637"}],"version-history":[{"count":0,"href":"https:\/\/www.fotonet.info\/index.php?rest_route=\/wp\/v2\/pages\/2637\/revisions"}],"wp:attachment":[{"href":"https:\/\/www.fotonet.info\/index.php?rest_route=%2Fwp%2Fv2%2Fmedia&parent=2637"}],"curies":[{"name":"wp","href":"https:\/\/api.w.org\/{rel}","templated":true}]}}